{"id":3736,"date":"2025-04-16T13:24:24","date_gmt":"2025-04-16T17:24:24","guid":{"rendered":"https:\/\/sprintnationals.canoekayak.ca\/informations-visiteurs\/"},"modified":"2026-03-30T22:09:48","modified_gmt":"2026-03-31T02:09:48","slug":"visiteurs","status":"publish","type":"page","link":"https:\/\/sprintnationals.canoekayak.ca\/fr\/visiteurs\/","title":{"rendered":"Visiteurs"},"content":{"rendered":"\n<h1 class=\"wp-block-heading\">Visiteurs<\/h1>\n\n\n\n<h2 class=\"wp-block-heading\">H\u00e9bergement<\/h2>\n\n\n\n<h3 class=\"wp-block-heading\">Hotel and Lodging<\/h3>\n\n\n\n<p class=\"has-normal-font-size\">Nous avons s\u00e9curis\u00e9 des blocs de chambres d&rsquo;h\u00f4tel pour les Championnats nationaux de vitesse de Canoe Kayak Canada. Les tarifs ci-dessous sont des tarifs de groupe n\u00e9goci\u00e9s, disponibles uniquement via les liens de r\u00e9servation ou les codes fournis, r\u00e9servez t\u00f4t, car les blocs se remplissent vite !<\/p>\n\n\n\n<p class=\"has-normal-font-size\"><strong>Tous les participants r\u00e9servent et paient directement avec l&rsquo;h\u00f4tel.<\/strong>&nbsp;Chaque h\u00f4tel a accept\u00e9 de retenir un certain nombre de chambres aux tarifs indiqu\u00e9s dans le cadre de notre bloc \u00e9v\u00e9nementiel.<\/p>\n\n\n\n<h2 class=\"wp-block-heading\">Hotels<\/h2>\n\n\n\n<h3 class=\"wp-block-heading\">\ud83c\udfe8 Ramada by Wyndham Ottawa on the Rideau<\/h3>\n\n\n\n<p><strong>Adresse :<\/strong>&nbsp;2259, promenade Prince of Wales, Ottawa &nbsp;|&nbsp; ~5 min en voiture de la Baie Mooney \u2014&nbsp;<em>l&rsquo;h\u00f4tel le plus proche du site !<\/em><br>\ud83d\udcc5&nbsp;<strong>R\u00e9servez avant le :<\/strong>&nbsp;22 juillet 2026 &nbsp;|&nbsp; \ud83d\udcde&nbsp;<strong>T\u00e9l\u00e9phone :<\/strong>&nbsp;(613) 288-3500 ou 1-800-565-1311<\/p>\n\n\n\n<p>Quatre blocs de chambres sont disponibles, choisissez l&rsquo;option qui convient le mieux \u00e0 votre groupe :<\/p>\n\n\n\n<figure class=\"wp-block-table has-small-font-size\"><table><thead><tr><th class=\"has-text-align-left\" data-align=\"left\">Type de chambre<\/th><th class=\"has-text-align-left\" data-align=\"left\">Tarif\/nuit<\/th><th class=\"has-text-align-left\" data-align=\"left\">Chambres<\/th><th class=\"has-text-align-left\" data-align=\"left\">R\u00e9server en ligne<\/th><\/tr><\/thead><tbody><tr><td>Standard \u2013 2 lits doubles, vue jardin<\/td><td>$195<\/td><td>10<\/td><td><a href=\"http:\/\/www.wyndhamhotels.com\/hotels\/47203?checkInDate=08\/22\/2026&amp;checkOutDate=08\/30\/2026&amp;groupCode=082226CKS\" target=\"_blank\" rel=\"noreferrer noopener\"><span style=\"text-decoration: underline;\">R\u00e9server \u2013 Code 082226CKS<\/span><\/a><\/td><\/tr><tr><td>Standard \u2013 2 lits doubles, vue jardin (Bloc 2)<\/td><td>$195<\/td><td>10<\/td><td><a href=\"http:\/\/www.wyndhamhotels.com\/hotels\/47203?checkInDate=08\/22\/2026&amp;checkOutDate=08\/30\/2026&amp;groupCode=082226CKN\" target=\"_blank\" rel=\"noreferrer noopener\"><span style=\"text-decoration: underline;\"><a href=\"http:\/\/www.wyndhamhotels.com\/hotels\/47203?checkInDate=08\/22\/2026&amp;checkOutDate=08\/30\/2026&amp;groupCode=082226CKS\" target=\"_blank\" rel=\"noreferrer noopener\">R\u00e9server<\/a>\u2013 Code 082226CKN<\/span><\/a><\/td><\/tr><tr><td>Ex\u00e9cutif en bord de rivi\u00e8re \u2013 2 lits doubles, balcon<\/td><td>$229<\/td><td>5<\/td><td rowspan=\"2\"><span style=\"text-decoration: underline;\"><a href=\"http:\/\/www.wyndhamhotels.com\/hotels\/47203?checkInDate=08\/22\/2026&amp;checkOutDate=08\/30\/2026&amp;groupCode=082226CKE\" target=\"_blank\" rel=\"noreferrer noopener\">R\u00e9server\u2013 Code <\/a>&#13;\n<a href=\"http:\/\/www.wyndhamhotels.com\/hotels\/47203?checkInDate=08\/22\/2026&amp;checkOutDate=08\/30\/2026&amp;groupCode=082226CKE\" target=\"_blank\" rel=\"noreferrer noopener\">082226CKE<\/a><\/span><\/td><\/tr><tr><td>Ex\u00e9cutif en bord de rivi\u00e8re \u2013 1 lit queen + sofa-lit, balcon<\/td><td>$219<\/td><td>5<\/td><\/tr><tr><td>Deluxe en bord de rivi\u00e8re \u2013 2 lits doubles, balcon ou patio<\/td><td>$259<\/td><td>5<\/td><td rowspan=\"2\"><a href=\"http:\/\/www.wyndhamhotels.com\/hotels\/47203?checkInDate=08\/22\/2026&amp;checkOutDate=08\/30\/2026&amp;groupCode=082226CKD\" target=\"_blank\" rel=\"noreferrer noopener\"><span style=\"text-decoration: underline;\"><a href=\"http:\/\/www.wyndhamhotels.com\/hotels\/47203?checkInDate=08\/22\/2026&amp;checkOutDate=08\/30\/2026&amp;groupCode=082226CKE\" target=\"_blank\" rel=\"noreferrer noopener\">R\u00e9server<\/a>\u2013 Code 082226CKD<\/span><\/a><\/td><\/tr><tr><td>Deluxe en bord de rivi\u00e8re \u2013 1 lit queen + sofa-lit, balcon<\/td><td>$249<\/td><td>5<\/td><\/tr><\/tbody><\/table><\/figure>\n\n\n\n<hr class=\"wp-block-separator has-alpha-channel-opacity\"\/>\n\n\n\n<h3 class=\"wp-block-heading\">\ud83c\udfe8 The Delta Hotels by Marriott Ottawa City Centre<\/h3>\n\n\n\n<p><strong>Tarif :<\/strong> 229 $\/nuit |&nbsp; <strong>Bloc :<\/strong>&nbsp;100 chambres<br><strong>Adresse :<\/strong> 101, rue Lyon Nord, Ottawa (centre-ville) &nbsp;|&nbsp; ~15 min en voiture de la Baie Mooney<\/p>\n\n\n\n<ul class=\"wp-block-list\">\n<li class=\"has-small-font-size\">H\u00f4tel 4 \u00e9toiles avec piscine int\u00e9rieure \u00e0 l&rsquo;eau sal\u00e9e, centre de conditionnement physique ouvert 24 h et restaurant italien sur place (Prova Bar &amp; Kitchen)\r\n<\/li>\n\n\n\n<li class=\"has-small-font-size\">\u00c0 distance de marche de la colline du Parlement, du march\u00e9 ByWard et du CF Centre Rideau<\/li>\n<\/ul>\n\n\n\n<p>\ud83d\udcc5&nbsp;<strong>R\u00e9servez avant le :<\/strong>&nbsp;25 juillet 2026<br><strong>\ud83d\udd17&nbsp;Lien de r\u00e9servation :<span style=\"text-decoration: underline;\"><a href=\"https:\/\/www.marriott.com\/event-reservations\/reservation-link.mi?id=1772818661858&amp;key=GRP&amp;app=resvlink\">R\u00e9servez votre tarif de groupe pour les Championnats nationaux de sprint de Canoe Kayak Canada 2026<\/a><\/span><\/strong><\/p>\n\n\n\n<hr class=\"wp-block-separator has-alpha-channel-opacity\"\/>\n\n\n\n<h3 class=\"wp-block-heading\">\ud83c\udfe8 Sheraton Ottawa Hotel<\/h3>\n\n\n\n<p><strong>Tarif :<\/strong>&nbsp;194 $\/nuit &nbsp;|&nbsp;&nbsp;<strong>Bloc :<\/strong>&nbsp;50 chambres<br><strong>Adresse :<\/strong> 150, rue Albert, Ottawa (centre-ville) &nbsp;|&nbsp; ~15 min en voiture de la Baie Mooney<\/p>\n\n\n\n<ul class=\"wp-block-list\">\n<li class=\"has-small-font-size\">\u00c0 deux pas de la colline du Parlement et de la rue Sparks ; piscine int\u00e9rieure chauff\u00e9e et centre de conditionnement physique ouvert 24 h\/7 j sur place<\/li>\n\n\n\n<li class=\"has-small-font-size\">Stationnement \u00e9v\u00e9nementiel \u00e0 26 $\/nuit (tarif r\u00e9duit par rapport au tarif habituel de 40 $\/nuit \u2014 mentionnez le bloc Championnats nationaux de cano\u00eb-kayak)\r\n<\/li>\n\n\n\n<li class=\"has-small-font-size\">Restauration sur place au Carleton Grill et au Sasha&rsquo;s Lounge ; renseignez-vous sur la r\u00e9duction de 20 % sur la location de salles de r\u00e9union si votre club a besoin d&rsquo;espace<\/li>\n<\/ul>\n\n\n\n<p>\ud83d\udcc5\u00a0<strong>R\u00e9servez avant le :<\/strong>\u00a025 juillet 2026<br>\ud83d\udd17\u00a0<strong>Lien de r\u00e9servation :<\/strong>\u00a0<a href=\"https:\/\/www.marriott.com\/event-reservations\/reservation-link.mi?id=1774874556878&amp;key=GRP&amp;app=resvlink&amp;_branch_match_id=1407725117048117729&amp;_branch_referrer=H4sIAAAAAAAAA8soKSkottLXTywo0MtNLCrKzC8p0UvOz9UvSi3OyczLtgdK2ALZZSCOWmaKraG5uYmFuYmpqZmFuYVadmqlrXtQgFpdUWpaKlB3Xnp8UlF%2BeXFqka1zRlF%2BbioA77hmumAAAAA%3D\" target=\"_blank\" rel=\"noreferrer noopener\"><strong><span style=\"text-decoration: underline;\">Reservation-Link<\/span><\/strong><\/a><br>Ou appelez le : 613-238-1500 et demandez le bloc du Championnat national de cano\u00eb-kayak.<\/p>\n\n\n\n<hr class=\"wp-block-separator has-alpha-channel-opacity\"\/>\n\n\n\n<h3 class=\"wp-block-heading\">\ud83c\udfe8 Sandman Signature Ottawa Airport Hotel<\/h3>\n\n\n\n<p><strong>Tarifs :<\/strong>&nbsp;259 $\/nuit (lit king ou 2 lits queen) &nbsp;|&nbsp; 279 $\/nuit (suite king avec kitchenette) &nbsp;|&nbsp;&nbsp;<strong>Bloc :<\/strong>&nbsp;40 chambres<br><strong>Adresse :<\/strong> 250, chemin West Hunt Club&nbsp; |&nbsp; ~10 min en voiture de la Baie Mooney<\/p>\n\n\n\n<ul class=\"wp-block-list\">\n<li class=\"has-small-font-size\">Stationnement gratuit sur place et navette gratuite 24 h vers l&rsquo;a\u00e9roport <\/li>\n\n\n\n<li class=\"has-small-font-size\">Piscine int\u00e9rieure et bain \u00e0 remous; le Chop Steakhouse &amp; Bar sur place<\/li>\n\n\n\n<li class=\"has-small-font-size\">Les chambres comprennent un mini-r\u00e9frig\u00e9rateur, un micro-ondes; les suites ont des kitchenettes compl\u00e8tes <\/li>\n<\/ul>\n\n\n\n<p>\ud83d\udcc5&nbsp;<strong>R\u00e9servez avant le :<\/strong>&nbsp;23 juillet 2026<br>\ud83d\udd17&nbsp;<strong>Booking link:<\/strong> Rendez-vous sur <span style=\"text-decoration: underline;\"><a href=\"https:\/\/www.sandmanhotels.com\/\" target=\"_blank\" rel=\"noreferrer noopener\">www.sandmanhotels.com<\/a><\/span>&nbsp;et cliquez sur \u00ab <strong>R\u00e9server maintenant<\/strong> \u00bb. Acc\u00e9dez \u00e0 la page de r\u00e9servation. Cliquez sur \u00ab <strong>Ajouter un code<\/strong> \u00bb. S\u00e9lectionnez \u00ab <strong>Code de groupe en ligne<\/strong> \u00bb. Saisissez le code de r\u00e9servation : <strong>2608NATIONALCANOE<\/strong>, puis appuyez sur Entr\u00e9e.<br>Vous pouvez \u00e9galement appeler Sandman directement et mentionner le code de r\u00e9servation \u00ab <strong>2026 Canoe Kayak Nationals<\/strong> \u00bb.<\/p>\n\n\n\n<hr class=\"wp-block-separator has-alpha-channel-opacity\"\/>\n\n\n\n<h3 class=\"wp-block-heading\">\ud83c\udfe8 Hampton by Hilton Ottawa (Coventry Rd)<\/h3>\n\n\n\n<p><strong>rifs :<\/strong>&nbsp;189 $\/nuit (simple) &nbsp;|&nbsp; 199 $\/nuit (triple\/quadruple) &nbsp;|&nbsp;&nbsp;<strong>Bloc :<\/strong>&nbsp;30 chambres\/nuit<br><strong>Adresse :<\/strong> 100 chemin Coventry |&nbsp; ~15 min en voiture de la Baie Mooney<\/p>\n\n\n\n<ul class=\"wp-block-list\">\n<li class=\"has-small-font-size\">Petit-d\u00e9jeuner chaud gratuit chaque matin<\/li>\n\n\n\n<li class=\"has-small-font-size\">Piscine int\u00e9rieure et centre de conditionnement physique ; stationnement gratuits<\/li>\n\n\n\n<li class=\"has-small-font-size\">Chambres triples et quadruples disponibles \u00e0 tarif unique<\/li>\n<\/ul>\n\n\n\n<p>\ud83d\udd17&nbsp;<strong><a href=\"https:\/\/www.hilton.com\/en\/attend-my-event\/yowcnhx-90t-d397ce57-4aec-43c1-bb79-5eea77567ca0\/\" target=\"_blank\" rel=\"noopener\">R\u00e9server ici \u2013 Championnats nationaux de Canoe Kayak Canada 2026<\/a><\/strong><\/p>\n\n\n\n<hr class=\"wp-block-separator has-alpha-channel-opacity\"\/>\n\n\n\n<h3 class=\"wp-block-heading\">\ud83c\udfe8 Hilton Garden Inn Ottawa Airport<\/h3>\n\n\n\n<p><strong>Tarifs :<\/strong>&nbsp;171 $\/nuit (standard 2 lits queen) &nbsp;|&nbsp; 181 $\/nuit (deluxe queen) &nbsp;|&nbsp;&nbsp;<strong>Bloc :<\/strong>&nbsp;50 chambres\/nuit<br><strong>Adresse:<\/strong> 2400 chemin Alert&nbsp; |&nbsp; ~15 min en voiture de la Baie Mooney<\/p>\n\n\n\n<ul class=\"wp-block-list\">\n<li class=\"has-small-font-size\">Pr\u00e8s de l&rsquo;a\u00e9roport international d&rsquo;Ottawa<\/li>\n\n\n\n<li class=\"has-small-font-size\">Piscine int\u00e9rieure, centre de conditionnement physique et restaurant sur place<\/li>\n<\/ul>\n\n\n\n<p>\ud83d\udd17&nbsp;<strong><a href=\"https:\/\/www.hilton.com\/en\/attend-my-event\/yowapgi-92r-9bd87cb6-cfd4-461e-9327-1da657744f44\/\" target=\"_blank\" rel=\"noopener\">R\u00e9server en ligne<\/a><\/strong><br>Ou appelez l&rsquo;h\u00f4tel au&nbsp;<strong>613-288-9001<\/strong>&nbsp;et mentionnez le code de groupe&nbsp;<strong>92R<\/strong>&nbsp;(neuf-deux-lettre R).<\/p>\n\n\n\n<hr class=\"wp-block-separator has-alpha-channel-opacity\"\/>\n\n\n\n<h3 class=\"wp-block-heading\">\ud83c\udfe8 DoubleTree by Hilton Ottawa Downtown<\/h3>\n\n\n\n<p><strong>Tarif :<\/strong>&nbsp;199 $\/nuit (jusqu&rsquo;\u00e0 double occupation) &nbsp;|&nbsp;&nbsp;<strong>Bloc :<\/strong>&nbsp;50 chambres<br><strong>Adresse :<\/strong> Centre-ville d&rsquo;Ottawa &nbsp;|&nbsp; ~15 min en voiture de la Baie Mooney<\/p>\n\n\n\n<ul class=\"wp-block-list\">\n<li class=\"has-small-font-size\">Piscine int\u00e9rieure et centre de conditionnement physique<\/li>\n<\/ul>\n\n\n\n<p>\ud83d\udd17&nbsp;<strong><a href=\"https:\/\/www.hilton.com\/en\/attend-my-event\/2026canoekayakcanadanationalchampionships\/\" target=\"_blank\" rel=\"noopener\">R\u00e9server ici \u2013 Championnats nationaux de vitesse de Canoe Kayak Canada 2026<\/a><\/strong><\/p>\n\n\n\n<h3 class=\"wp-block-heading\">Camping<\/h3>\n\n\n\n<p class=\"has-normal-font-size\">Informations sur les campings \u00e0 proximit\u00e9.<\/p>\n\n\n\n<h2 class=\"wp-block-heading\">Conseils de voyage<\/h2>\n\n\n\n<p class=\"has-normal-font-size\">On peut facilement se rendre \u00e0 Ottawa par :<\/p>\n\n\n\n<ul class=\"wp-block-list\">\n<li class=\"has-normal-font-size\"><strong>En avion:<\/strong> A\u00e9roport international Macdonald-Cartier d&rsquo;Ottawa (YOW) &#8211; \u00e0 20 minutes du lieu de la comp\u00e9tition<\/li>\n\n\n\n<li class=\"has-normal-font-size\"><strong>Train:<\/strong> Gare VIA Rail d&rsquo;Ottawa &#8211; \u00e0 15 minutes du lieu de la comp\u00e9tition<\/li>\n\n\n\n<li class=\"has-normal-font-size\"><strong>En voiture :<\/strong> autoroute 417, avec un grand parking sur place<\/li>\n<\/ul>\n\n\n\n<figure class=\"wp-block-image size-large\"><img loading=\"lazy\" decoding=\"async\" width=\"1024\" height=\"1024\" src=\"https:\/\/sprintnationals.canoekayak.ca\/wp-content\/uploads\/2026\/03\/Draft-map-1024x1024.jpg\" alt=\"\" class=\"wp-image-4289\" srcset=\"https:\/\/sprintnationals.canoekayak.ca\/wp-content\/uploads\/2026\/03\/Draft-map-1024x1024.jpg 1024w, https:\/\/sprintnationals.canoekayak.ca\/wp-content\/uploads\/2026\/03\/Draft-map-300x300.jpg 300w, https:\/\/sprintnationals.canoekayak.ca\/wp-content\/uploads\/2026\/03\/Draft-map-150x150.jpg 150w, https:\/\/sprintnationals.canoekayak.ca\/wp-content\/uploads\/2026\/03\/Draft-map-768x768.jpg 768w, https:\/\/sprintnationals.canoekayak.ca\/wp-content\/uploads\/2026\/03\/Draft-map-1536x1536.jpg 1536w, https:\/\/sprintnationals.canoekayak.ca\/wp-content\/uploads\/2026\/03\/Draft-map-2048x2048.jpg 2048w\" sizes=\"auto, (max-width: 1024px) 100vw, 1024px\" \/><\/figure>\n\n\n\n<h2 class=\"wp-block-heading\">Comment se rendre<\/h2>\n\n\n\n<p class=\"has-normal-font-size\"><strong>Rideau Canoe Club<\/strong> (Site officiel)<\/p>\n\n\n\n<p class=\"has-normal-font-size\">804 Hog&rsquo;s Back Rd, Ottawa, ON K2C 0B1<\/p>\n\n\n\n<p class=\"has-normal-font-size\"><strong>Mooney\u2019s Bay<\/strong> (Village des athl\u00e8tes)<\/p>\n\n\n\n<p>2960 Riverside Dr., Ottawa, ON K1V 8N4<\/p>\n\n\n\n<h2 class=\"wp-block-heading\">Informations sur le stationnement<\/h2>\n\n\n\n<h3 class=\"wp-block-heading\">Parking du site<\/h3>\n\n\n\n<p class=\"has-normal-font-size\">Des informations d\u00e9taill\u00e9es sur le stationnement seront bient\u00f4t disponibles ici.<\/p>\n\n\n\n<div style=\"height:40px\" aria-hidden=\"true\" class=\"wp-block-spacer\"><\/div>\n\n\n\n<figure class=\"wp-block-image size-large\"><img loading=\"lazy\" decoding=\"async\" width=\"1024\" height=\"683\" src=\"https:\/\/sprintnationals.canoekayak.ca\/wp-content\/uploads\/2026\/02\/2021_Start21-1024x683.jpg\" alt=\"\" class=\"wp-image-4188\" srcset=\"https:\/\/sprintnationals.canoekayak.ca\/wp-content\/uploads\/2026\/02\/2021_Start21-1024x683.jpg 1024w, https:\/\/sprintnationals.canoekayak.ca\/wp-content\/uploads\/2026\/02\/2021_Start21-300x200.jpg 300w, https:\/\/sprintnationals.canoekayak.ca\/wp-content\/uploads\/2026\/02\/2021_Start21-768x512.jpg 768w, https:\/\/sprintnationals.canoekayak.ca\/wp-content\/uploads\/2026\/02\/2021_Start21.jpg 1200w\" sizes=\"auto, (max-width: 1024px) 100vw, 1024px\" \/><\/figure>\n\n\n\n<figure class=\"wp-block-image size-large\"><img loading=\"lazy\" decoding=\"async\" width=\"1024\" height=\"683\" src=\"https:\/\/sprintnationals.canoekayak.ca\/wp-content\/uploads\/2026\/02\/2021_Para1-1024x683.jpg\" alt=\"\" class=\"wp-image-4178\" srcset=\"https:\/\/sprintnationals.canoekayak.ca\/wp-content\/uploads\/2026\/02\/2021_Para1-1024x683.jpg 1024w, https:\/\/sprintnationals.canoekayak.ca\/wp-content\/uploads\/2026\/02\/2021_Para1-300x200.jpg 300w, https:\/\/sprintnationals.canoekayak.ca\/wp-content\/uploads\/2026\/02\/2021_Para1-768x512.jpg 768w, https:\/\/sprintnationals.canoekayak.ca\/wp-content\/uploads\/2026\/02\/2021_Para1.jpg 1200w\" sizes=\"auto, (max-width: 1024px) 100vw, 1024px\" \/><\/figure>\n\n\n\n<h2 class=\"wp-block-heading\">\u00c0 propos d&rsquo;Ottawa<\/h2>\n\n\n\n<div class=\"wp-block-buttons is-layout-flex wp-block-buttons-is-layout-flex\">\n<div class=\"wp-block-button\"><a class=\"wp-block-button__link wp-element-button\" href=\"https:\/\/ottawatourism.ca\/en\/see-and-do?gad_source=1&amp;gad_campaignid=22295229818&amp;gbraid=0AAAAA-NkCBLECpxqw6YNr9Wrl3aSQ01bV&amp;gclid=CjwKCAiAzZ_NBhAEEiwAMtqKy9S7MJzv054Kuq5PUmQIBUzQ8d3baNJZIHc9_C_JpPgi-dFyFAHPRBoCS8IQAvD_BwE\">Rendez-vous sur le site Web d&rsquo;Ottawa Tourisme<\/a><\/div>\n<\/div>\n","protected":false},"excerpt":{"rendered":"<p>Visiteurs H\u00e9bergement Hotel and Lodging Nous avons s\u00e9curis\u00e9 des blocs de chambres d&rsquo;h\u00f4tel pour les [&hellip;]<\/p>\n","protected":false},"author":1,"featured_media":0,"parent":0,"menu_order":0,"comment_status":"closed","ping_status":"closed","template":"","meta":{"footnotes":""},"class_list":["post-3736","page","type-page","status-publish","hentry"],"yoast_head":"<!-- This site is optimized with the Yoast SEO plugin v26.3 - https:\/\/yoast.com\/wordpress\/plugins\/seo\/ -->\n<title>Visiteurs -<\/title>\n<meta name=\"robots\" content=\"index, follow, max-snippet:-1, max-image-preview:large, max-video-preview:-1\" \/>\n<link rel=\"canonical\" href=\"https:\/\/sprintnationals.canoekayak.ca\/fr\/visiteurs\/\" \/>\n<meta property=\"og:locale\" content=\"fr_FR\" \/>\n<meta property=\"og:type\" content=\"article\" \/>\n<meta property=\"og:title\" content=\"Visiteurs -\" \/>\n<meta property=\"og:description\" content=\"Visiteurs H\u00e9bergement Hotel and Lodging Nous avons s\u00e9curis\u00e9 des blocs de chambres d&rsquo;h\u00f4tel pour les [&hellip;]\" \/>\n<meta property=\"og:url\" content=\"https:\/\/sprintnationals.canoekayak.ca\/fr\/visiteurs\/\" \/>\n<meta property=\"article:modified_time\" content=\"2026-03-31T02:09:48+00:00\" \/>\n<meta property=\"og:image\" content=\"https:\/\/sprintnationals.canoekayak.ca\/wp-content\/uploads\/2026\/03\/Draft-map.jpg\" \/>\n\t<meta property=\"og:image:width\" content=\"2400\" \/>\n\t<meta property=\"og:image:height\" content=\"2400\" \/>\n\t<meta property=\"og:image:type\" content=\"image\/jpeg\" \/>\n<meta name=\"twitter:card\" content=\"summary_large_image\" \/>\n<meta name=\"twitter:label1\" content=\"Dur\u00e9e de lecture estim\u00e9e\" \/>\n\t<meta name=\"twitter:data1\" content=\"5 minutes\" \/>\n<script type=\"application\/ld+json\" class=\"yoast-schema-graph\">{\"@context\":\"https:\/\/schema.org\",\"@graph\":[{\"@type\":\"WebPage\",\"@id\":\"https:\/\/sprintnationals.canoekayak.ca\/fr\/visiteurs\/\",\"url\":\"https:\/\/sprintnationals.canoekayak.ca\/fr\/visiteurs\/\",\"name\":\"Visiteurs -\",\"isPartOf\":{\"@id\":\"https:\/\/sprintnationals.canoekayak.ca\/#website\"},\"primaryImageOfPage\":{\"@id\":\"https:\/\/sprintnationals.canoekayak.ca\/fr\/visiteurs\/#primaryimage\"},\"image\":{\"@id\":\"https:\/\/sprintnationals.canoekayak.ca\/fr\/visiteurs\/#primaryimage\"},\"thumbnailUrl\":\"https:\/\/sprintnationals.canoekayak.ca\/wp-content\/uploads\/2026\/03\/Draft-map-1024x1024.jpg\",\"datePublished\":\"2025-04-16T17:24:24+00:00\",\"dateModified\":\"2026-03-31T02:09:48+00:00\",\"breadcrumb\":{\"@id\":\"https:\/\/sprintnationals.canoekayak.ca\/fr\/visiteurs\/#breadcrumb\"},\"inLanguage\":\"fr-FR\",\"potentialAction\":[{\"@type\":\"ReadAction\",\"target\":[\"https:\/\/sprintnationals.canoekayak.ca\/fr\/visiteurs\/\"]}]},{\"@type\":\"ImageObject\",\"inLanguage\":\"fr-FR\",\"@id\":\"https:\/\/sprintnationals.canoekayak.ca\/fr\/visiteurs\/#primaryimage\",\"url\":\"https:\/\/sprintnationals.canoekayak.ca\/wp-content\/uploads\/2026\/03\/Draft-map-1024x1024.jpg\",\"contentUrl\":\"https:\/\/sprintnationals.canoekayak.ca\/wp-content\/uploads\/2026\/03\/Draft-map-1024x1024.jpg\"},{\"@type\":\"BreadcrumbList\",\"@id\":\"https:\/\/sprintnationals.canoekayak.ca\/fr\/visiteurs\/#breadcrumb\",\"itemListElement\":[{\"@type\":\"ListItem\",\"position\":1,\"name\":\"Home\",\"item\":\"https:\/\/sprintnationals.canoekayak.ca\/\"},{\"@type\":\"ListItem\",\"position\":2,\"name\":\"Visiteurs\"}]},{\"@type\":\"WebSite\",\"@id\":\"https:\/\/sprintnationals.canoekayak.ca\/#website\",\"url\":\"https:\/\/sprintnationals.canoekayak.ca\/\",\"name\":\"\",\"description\":\"\",\"potentialAction\":[{\"@type\":\"SearchAction\",\"target\":{\"@type\":\"EntryPoint\",\"urlTemplate\":\"https:\/\/sprintnationals.canoekayak.ca\/?s={search_term_string}\"},\"query-input\":{\"@type\":\"PropertyValueSpecification\",\"valueRequired\":true,\"valueName\":\"search_term_string\"}}],\"inLanguage\":\"fr-FR\"}]}<\/script>\n<!-- \/ Yoast SEO plugin. -->","yoast_head_json":{"title":"Visiteurs -","robots":{"index":"index","follow":"follow","max-snippet":"max-snippet:-1","max-image-preview":"max-image-preview:large","max-video-preview":"max-video-preview:-1"},"canonical":"https:\/\/sprintnationals.canoekayak.ca\/fr\/visiteurs\/","og_locale":"fr_FR","og_type":"article","og_title":"Visiteurs -","og_description":"Visiteurs H\u00e9bergement Hotel and Lodging Nous avons s\u00e9curis\u00e9 des blocs de chambres d&rsquo;h\u00f4tel pour les [&hellip;]","og_url":"https:\/\/sprintnationals.canoekayak.ca\/fr\/visiteurs\/","article_modified_time":"2026-03-31T02:09:48+00:00","og_image":[{"width":2400,"height":2400,"url":"https:\/\/sprintnationals.canoekayak.ca\/wp-content\/uploads\/2026\/03\/Draft-map.jpg","type":"image\/jpeg"}],"twitter_card":"summary_large_image","twitter_misc":{"Dur\u00e9e de lecture estim\u00e9e":"5 minutes"},"schema":{"@context":"https:\/\/schema.org","@graph":[{"@type":"WebPage","@id":"https:\/\/sprintnationals.canoekayak.ca\/fr\/visiteurs\/","url":"https:\/\/sprintnationals.canoekayak.ca\/fr\/visiteurs\/","name":"Visiteurs -","isPartOf":{"@id":"https:\/\/sprintnationals.canoekayak.ca\/#website"},"primaryImageOfPage":{"@id":"https:\/\/sprintnationals.canoekayak.ca\/fr\/visiteurs\/#primaryimage"},"image":{"@id":"https:\/\/sprintnationals.canoekayak.ca\/fr\/visiteurs\/#primaryimage"},"thumbnailUrl":"https:\/\/sprintnationals.canoekayak.ca\/wp-content\/uploads\/2026\/03\/Draft-map-1024x1024.jpg","datePublished":"2025-04-16T17:24:24+00:00","dateModified":"2026-03-31T02:09:48+00:00","breadcrumb":{"@id":"https:\/\/sprintnationals.canoekayak.ca\/fr\/visiteurs\/#breadcrumb"},"inLanguage":"fr-FR","potentialAction":[{"@type":"ReadAction","target":["https:\/\/sprintnationals.canoekayak.ca\/fr\/visiteurs\/"]}]},{"@type":"ImageObject","inLanguage":"fr-FR","@id":"https:\/\/sprintnationals.canoekayak.ca\/fr\/visiteurs\/#primaryimage","url":"https:\/\/sprintnationals.canoekayak.ca\/wp-content\/uploads\/2026\/03\/Draft-map-1024x1024.jpg","contentUrl":"https:\/\/sprintnationals.canoekayak.ca\/wp-content\/uploads\/2026\/03\/Draft-map-1024x1024.jpg"},{"@type":"BreadcrumbList","@id":"https:\/\/sprintnationals.canoekayak.ca\/fr\/visiteurs\/#breadcrumb","itemListElement":[{"@type":"ListItem","position":1,"name":"Home","item":"https:\/\/sprintnationals.canoekayak.ca\/"},{"@type":"ListItem","position":2,"name":"Visiteurs"}]},{"@type":"WebSite","@id":"https:\/\/sprintnationals.canoekayak.ca\/#website","url":"https:\/\/sprintnationals.canoekayak.ca\/","name":"","description":"","potentialAction":[{"@type":"SearchAction","target":{"@type":"EntryPoint","urlTemplate":"https:\/\/sprintnationals.canoekayak.ca\/?s={search_term_string}"},"query-input":{"@type":"PropertyValueSpecification","valueRequired":true,"valueName":"search_term_string"}}],"inLanguage":"fr-FR"}]}},"_links":{"self":[{"href":"https:\/\/sprintnationals.canoekayak.ca\/fr\/wp-json\/wp\/v2\/pages\/3736","targetHints":{"allow":["GET"]}}],"collection":[{"href":"https:\/\/sprintnationals.canoekayak.ca\/fr\/wp-json\/wp\/v2\/pages"}],"about":[{"href":"https:\/\/sprintnationals.canoekayak.ca\/fr\/wp-json\/wp\/v2\/types\/page"}],"author":[{"embeddable":true,"href":"https:\/\/sprintnationals.canoekayak.ca\/fr\/wp-json\/wp\/v2\/users\/1"}],"replies":[{"embeddable":true,"href":"https:\/\/sprintnationals.canoekayak.ca\/fr\/wp-json\/wp\/v2\/comments?post=3736"}],"version-history":[{"count":0,"href":"https:\/\/sprintnationals.canoekayak.ca\/fr\/wp-json\/wp\/v2\/pages\/3736\/revisions"}],"wp:attachment":[{"href":"https:\/\/sprintnationals.canoekayak.ca\/fr\/wp-json\/wp\/v2\/media?parent=3736"}],"curies":[{"name":"wp","href":"https:\/\/api.w.org\/{rel}","templated":true}]}}