{"id":3529,"date":"2024-04-30T17:06:11","date_gmt":"2024-04-30T21:06:11","guid":{"rendered":"https:\/\/sprintnationals.canoekayak.ca\/?page_id=3529"},"modified":"2026-03-06T16:09:58","modified_gmt":"2026-03-06T21:09:58","slug":"a-propos","status":"publish","type":"page","link":"https:\/\/sprintnationals.canoekayak.ca\/fr\/a-propos\/","title":{"rendered":"\u00c0 propos des championnats"},"content":{"rendered":"\n<h2 class=\"wp-block-heading has-slider-title-font-size\">\u00c0 Propos<\/h2>\n\n\n\n<p class=\"has-foreground-color has-text-color has-link-color has-normal-font-size wp-elements-fc3515c78198eb21500931f624500f50\">Les Championnats nationaux de vitesse de Canoe Kayak Canada constituent la premi\u00e8re comp\u00e9tition nationale de canoe-kayak de vitesse au Canada. Cet \u00e9v\u00e9nement enti\u00e8rement bilingue met en valeur les meilleurs pagayeurs du pays qui rivalisent en simple, double et quatre sur des distances de 200m, 500m, 1000m et 6000m.<\/p>\n\n\n\n<div style=\"height:40px\" aria-hidden=\"true\" class=\"wp-block-spacer\"><\/div>\n\n\n\n<figure class=\"wp-block-image size-large\"><img loading=\"lazy\" decoding=\"async\" width=\"1024\" height=\"683\" src=\"https:\/\/sprintnationals.canoekayak.ca\/wp-content\/uploads\/2026\/03\/2025_6kStart-1024x683.jpg\" alt=\"\" class=\"wp-image-4312\" srcset=\"https:\/\/sprintnationals.canoekayak.ca\/wp-content\/uploads\/2026\/03\/2025_6kStart-1024x683.jpg 1024w, https:\/\/sprintnationals.canoekayak.ca\/wp-content\/uploads\/2026\/03\/2025_6kStart-300x200.jpg 300w, https:\/\/sprintnationals.canoekayak.ca\/wp-content\/uploads\/2026\/03\/2025_6kStart-768x512.jpg 768w, https:\/\/sprintnationals.canoekayak.ca\/wp-content\/uploads\/2026\/03\/2025_6kStart.jpg 1200w\" sizes=\"auto, (max-width: 1024px) 100vw, 1024px\" \/><\/figure>\n\n\n\n<h2 class=\"wp-block-heading\">Le sport<\/h2>\n\n\n\n<p class=\"has-foreground-color has-text-color has-link-color has-normal-font-size wp-elements-4364529db5de5a322b2e2c695edc3c26\">Le canoe-kayak de vitesse est un sport olympique depuis 1936 et a toujours \u00e9t\u00e9 l&rsquo;un des sports les plus performants du Canada, les athl\u00e8tes canadiens ayant remport\u00e9 24 m\u00e9dailles olympiques. Les athl\u00e8tes rivalisent en canoe et en kayak, utilisant des embarcations de course sp\u00e9cialis\u00e9es con\u00e7ues pour la vitesse et la performance.<\/p>\n\n\n\n<div style=\"height:40px\" aria-hidden=\"true\" class=\"wp-block-spacer\"><\/div>\n\n\n\n<figure class=\"wp-block-image size-large\"><img loading=\"lazy\" decoding=\"async\" width=\"1024\" height=\"683\" src=\"https:\/\/sprintnationals.canoekayak.ca\/wp-content\/uploads\/2026\/03\/2025_C-15-1024x683.jpg\" alt=\"\" class=\"wp-image-4314\" srcset=\"https:\/\/sprintnationals.canoekayak.ca\/wp-content\/uploads\/2026\/03\/2025_C-15-1024x683.jpg 1024w, https:\/\/sprintnationals.canoekayak.ca\/wp-content\/uploads\/2026\/03\/2025_C-15-300x200.jpg 300w, https:\/\/sprintnationals.canoekayak.ca\/wp-content\/uploads\/2026\/03\/2025_C-15-768x512.jpg 768w, https:\/\/sprintnationals.canoekayak.ca\/wp-content\/uploads\/2026\/03\/2025_C-15.jpg 1200w\" sizes=\"auto, (max-width: 1024px) 100vw, 1024px\" \/><\/figure>\n\n\n\n<div style=\"height:40px\" aria-hidden=\"true\" class=\"wp-block-spacer\"><\/div>\n\n\n\n<h2 class=\"wp-block-heading\">Programme de l&rsquo;\u00e9v\u00e9nement<\/h2>\n\n\n\n<p class=\"has-foreground-color has-text-color has-link-color has-normal-font-size wp-elements-523192956a102b7d0c9abbf4347837cd\">Les championnats 2026 comprennent:<\/p>\n\n\n\n<ul class=\"wp-block-list\">\n<li>Programmation enti\u00e8rement \u00e9quitable entre les sexes<\/li>\n\n\n\n<li>Cat\u00e9gories parasport int\u00e9gr\u00e9es<\/li>\n\n\n\n<li>Int\u00e9gration PaddleAll d&rsquo;Olympiques sp\u00e9ciaux<\/li>\n\n\n\n<li>Championnats CanMas Masters (30 ao\u00fbt)<\/li>\n\n\n\n<li>Courses de C15 (canoe \u00e0 15 personnes) traditionnelles uniques au Canada<\/li>\n<\/ul>\n\n\n\n<h2 class=\"wp-block-heading\">Cat\u00e9gories de comp\u00e9tition<\/h2>\n\n\n\n<ul class=\"wp-block-list\">\n<li>U16 (Moins de 16 ans)<\/li>\n\n\n\n<li>U18 (Moins de 18 ans)<\/li>\n\n\n\n<li>Junior&nbsp;<\/li>\n\n\n\n<li>S\u00e9nior&nbsp;<\/li>\n\n\n\n<li>PaddleAll<\/li>\n\n\n\n<li>Paracano\u00eb<\/li>\n<\/ul>\n\n\n\n<h2 class=\"wp-block-heading\">Exp\u00e9rience sur place<\/h2>\n\n\n\n<p class=\"has-foreground-color has-text-color has-link-color has-normal-font-size wp-elements-6a92f71b7ad856907c6b9eec909174d7\">Les Championnats nationaux marquent l\u2019aboutissement de la saison de comp\u00e9tition et sont reconnus pour leur atmosph\u00e8re dynamique et conviviale.<\/p>\n\n\n\n<p class=\"has-foreground-color has-text-color has-link-color has-normal-font-size wp-elements-0e3409d46522cffdc92a6be376d9c967\">Sur place, les athl\u00e8tes et les spectateurs pourront profiter de :<\/p>\n\n\n\n<ul class=\"wp-block-list\">\n<li><\/li>\n<\/ul>\n\n\n\n<ul class=\"wp-block-list has-foreground-color has-text-color has-link-color wp-elements-178b6258f1f15e65725cb325a55e03a8\">\n<li>Cinq jours de comp\u00e9tition<\/li>\n\n\n\n<li>Un village des athl\u00e8tes<\/li>\n\n\n\n<li>Des zones de vendeurs et d\u2019exposants<\/li>\n\n\n\n<li>Services de nourriture et de boissons (\u00c0 confirmer)<\/li>\n\n\n\n<li>Zones d\u00e9sign\u00e9es pour les spectateurs<\/li>\n\n\n\n<li>C\u00e9r\u00e9monies de podium c\u00e9l\u00e9brant les champion\u00b7ne\u00b7s nationaux<\/li>\n<\/ul>\n\n\n\n<h2 class=\"wp-block-heading\">\u00c0 propos du Rideau Canoe Club<\/h2>\n\n\n\n<p class=\"has-foreground-color has-text-color has-link-color has-normal-font-size wp-elements-7852a1ce92c11f96a4f4c07da7fa9a03\">\u00c9tabli en 1902, le Rideau Canoe Club (RCC) est l&rsquo;un des clubs de canoe les plus anciens et les plus prestigieux du Canada. Situ\u00e9 dans la pittoresque baie Mooney \u00e0 Ottawa, le RCC poss\u00e8de une riche histoire de d\u00e9veloppement d&rsquo;athl\u00e8tes de classe mondiale et sert de pilier \u00e0 la communaut\u00e9 de pagaie d&rsquo;Ottawa.<\/p>\n\n\n\n<div style=\"height:40px\" aria-hidden=\"true\" class=\"wp-block-spacer\"><\/div>\n\n\n\n<figure class=\"wp-block-image size-large\"><img loading=\"lazy\" decoding=\"async\" width=\"1024\" height=\"683\" src=\"https:\/\/sprintnationals.canoekayak.ca\/wp-content\/uploads\/2026\/03\/2021_Clubhouse-1024x683.jpg\" alt=\"\" class=\"wp-image-4296\" srcset=\"https:\/\/sprintnationals.canoekayak.ca\/wp-content\/uploads\/2026\/03\/2021_Clubhouse-1024x683.jpg 1024w, https:\/\/sprintnationals.canoekayak.ca\/wp-content\/uploads\/2026\/03\/2021_Clubhouse-300x200.jpg 300w, https:\/\/sprintnationals.canoekayak.ca\/wp-content\/uploads\/2026\/03\/2021_Clubhouse-768x512.jpg 768w, https:\/\/sprintnationals.canoekayak.ca\/wp-content\/uploads\/2026\/03\/2021_Clubhouse.jpg 1200w\" sizes=\"auto, (max-width: 1024px) 100vw, 1024px\" \/><\/figure>\n\n\n\n<div style=\"height:40px\" aria-hidden=\"true\" class=\"wp-block-spacer\"><\/div>\n\n\n\n<h2 class=\"wp-block-heading\">La baie Mooney<\/h2>\n\n\n\n<p class=\"has-foreground-color has-text-color has-link-color has-normal-font-size wp-elements-0922a439c50f5ce2219cb7ecd071c6e3\">La baie Mooney offre :<\/p>\n\n\n\n<ul class=\"wp-block-list has-foreground-color has-text-color has-link-color wp-elements-c6598905063d50d504a864559bfddc34\">\n<li>Parcours de course de 1000m<\/li>\n\n\n\n<li>Installations modernes du club<\/li>\n\n\n\n<li>Site et quais accessibles<\/li>\n\n\n\n<li>Magnifique cadre naturel<\/li>\n\n\n\n<li>Acc\u00e8s facile du centre-ville d&rsquo;Ottawa<\/li>\n<\/ul>\n\n\n\n<div style=\"height:40px\" aria-hidden=\"true\" class=\"wp-block-spacer\"><\/div>\n\n\n\n<figure class=\"wp-block-image size-large\"><img loading=\"lazy\" decoding=\"async\" width=\"1024\" height=\"683\" src=\"https:\/\/sprintnationals.canoekayak.ca\/wp-content\/uploads\/2026\/02\/2021_Race_course_view1-1024x683.jpg\" alt=\"\" class=\"wp-image-4181\" srcset=\"https:\/\/sprintnationals.canoekayak.ca\/wp-content\/uploads\/2026\/02\/2021_Race_course_view1-1024x683.jpg 1024w, https:\/\/sprintnationals.canoekayak.ca\/wp-content\/uploads\/2026\/02\/2021_Race_course_view1-300x200.jpg 300w, https:\/\/sprintnationals.canoekayak.ca\/wp-content\/uploads\/2026\/02\/2021_Race_course_view1-768x512.jpg 768w, https:\/\/sprintnationals.canoekayak.ca\/wp-content\/uploads\/2026\/02\/2021_Race_course_view1.jpg 1200w\" sizes=\"auto, (max-width: 1024px) 100vw, 1024px\" \/><\/figure>\n\n\n\n<div style=\"height:40px\" aria-hidden=\"true\" class=\"wp-block-spacer\"><\/div>\n\n\n\n<figure class=\"wp-block-image size-large\"><img loading=\"lazy\" decoding=\"async\" width=\"1024\" height=\"576\" src=\"https:\/\/sprintnationals.canoekayak.ca\/wp-content\/uploads\/2026\/03\/RCC_night-1024x576.jpg\" alt=\"\" class=\"wp-image-4364\" srcset=\"https:\/\/sprintnationals.canoekayak.ca\/wp-content\/uploads\/2026\/03\/RCC_night-1024x576.jpg 1024w, https:\/\/sprintnationals.canoekayak.ca\/wp-content\/uploads\/2026\/03\/RCC_night-300x169.jpg 300w, https:\/\/sprintnationals.canoekayak.ca\/wp-content\/uploads\/2026\/03\/RCC_night-768x432.jpg 768w, https:\/\/sprintnationals.canoekayak.ca\/wp-content\/uploads\/2026\/03\/RCC_night-1536x864.jpg 1536w, https:\/\/sprintnationals.canoekayak.ca\/wp-content\/uploads\/2026\/03\/RCC_night.jpg 1920w\" sizes=\"auto, (max-width: 1024px) 100vw, 1024px\" \/><\/figure>\n\n\n\n<div style=\"height:40px\" aria-hidden=\"true\" class=\"wp-block-spacer\"><\/div>\n","protected":false},"excerpt":{"rendered":"<p>\u00c0 Propos Les Championnats nationaux de vitesse de Canoe Kayak Canada constituent la premi\u00e8re comp\u00e9tition [&hellip;]<\/p>\n","protected":false},"author":1,"featured_media":0,"parent":0,"menu_order":0,"comment_status":"closed","ping_status":"closed","template":"","meta":{"footnotes":""},"class_list":["post-3529","page","type-page","status-publish","hentry"],"yoast_head":"<!-- This site is optimized with the Yoast SEO plugin v26.3 - https:\/\/yoast.com\/wordpress\/plugins\/seo\/ -->\n<title>\u00c0 propos des championnats -<\/title>\n<meta name=\"robots\" content=\"index, follow, max-snippet:-1, max-image-preview:large, max-video-preview:-1\" \/>\n<link rel=\"canonical\" href=\"https:\/\/sprintnationals.canoekayak.ca\/fr\/a-propos\/\" \/>\n<meta property=\"og:locale\" content=\"fr_FR\" \/>\n<meta property=\"og:type\" content=\"article\" \/>\n<meta property=\"og:title\" content=\"\u00c0 propos des championnats -\" \/>\n<meta property=\"og:description\" content=\"\u00c0 Propos Les Championnats nationaux de vitesse de Canoe Kayak Canada constituent la premi\u00e8re comp\u00e9tition [&hellip;]\" \/>\n<meta property=\"og:url\" content=\"https:\/\/sprintnationals.canoekayak.ca\/fr\/a-propos\/\" \/>\n<meta property=\"article:modified_time\" content=\"2026-03-06T21:09:58+00:00\" \/>\n<meta property=\"og:image\" content=\"https:\/\/sprintnationals.canoekayak.ca\/wp-content\/uploads\/2026\/03\/2025_6kStart.jpg\" \/>\n\t<meta property=\"og:image:width\" content=\"1200\" \/>\n\t<meta property=\"og:image:height\" content=\"800\" \/>\n\t<meta property=\"og:image:type\" content=\"image\/jpeg\" \/>\n<meta name=\"twitter:card\" content=\"summary_large_image\" \/>\n<meta name=\"twitter:label1\" content=\"Dur\u00e9e de lecture estim\u00e9e\" \/>\n\t<meta name=\"twitter:data1\" content=\"3 minutes\" \/>\n<script type=\"application\/ld+json\" class=\"yoast-schema-graph\">{\"@context\":\"https:\/\/schema.org\",\"@graph\":[{\"@type\":\"WebPage\",\"@id\":\"https:\/\/sprintnationals.canoekayak.ca\/fr\/a-propos\/\",\"url\":\"https:\/\/sprintnationals.canoekayak.ca\/fr\/a-propos\/\",\"name\":\"\u00c0 propos des championnats -\",\"isPartOf\":{\"@id\":\"https:\/\/sprintnationals.canoekayak.ca\/#website\"},\"primaryImageOfPage\":{\"@id\":\"https:\/\/sprintnationals.canoekayak.ca\/fr\/a-propos\/#primaryimage\"},\"image\":{\"@id\":\"https:\/\/sprintnationals.canoekayak.ca\/fr\/a-propos\/#primaryimage\"},\"thumbnailUrl\":\"https:\/\/sprintnationals.canoekayak.ca\/wp-content\/uploads\/2026\/03\/2025_6kStart-1024x683.jpg\",\"datePublished\":\"2024-04-30T21:06:11+00:00\",\"dateModified\":\"2026-03-06T21:09:58+00:00\",\"breadcrumb\":{\"@id\":\"https:\/\/sprintnationals.canoekayak.ca\/fr\/a-propos\/#breadcrumb\"},\"inLanguage\":\"fr-FR\",\"potentialAction\":[{\"@type\":\"ReadAction\",\"target\":[\"https:\/\/sprintnationals.canoekayak.ca\/fr\/a-propos\/\"]}]},{\"@type\":\"ImageObject\",\"inLanguage\":\"fr-FR\",\"@id\":\"https:\/\/sprintnationals.canoekayak.ca\/fr\/a-propos\/#primaryimage\",\"url\":\"https:\/\/sprintnationals.canoekayak.ca\/wp-content\/uploads\/2026\/03\/2025_6kStart-1024x683.jpg\",\"contentUrl\":\"https:\/\/sprintnationals.canoekayak.ca\/wp-content\/uploads\/2026\/03\/2025_6kStart-1024x683.jpg\"},{\"@type\":\"BreadcrumbList\",\"@id\":\"https:\/\/sprintnationals.canoekayak.ca\/fr\/a-propos\/#breadcrumb\",\"itemListElement\":[{\"@type\":\"ListItem\",\"position\":1,\"name\":\"Home\",\"item\":\"https:\/\/sprintnationals.canoekayak.ca\/\"},{\"@type\":\"ListItem\",\"position\":2,\"name\":\"\u00c0 propos des championnats\"}]},{\"@type\":\"WebSite\",\"@id\":\"https:\/\/sprintnationals.canoekayak.ca\/#website\",\"url\":\"https:\/\/sprintnationals.canoekayak.ca\/\",\"name\":\"\",\"description\":\"\",\"potentialAction\":[{\"@type\":\"SearchAction\",\"target\":{\"@type\":\"EntryPoint\",\"urlTemplate\":\"https:\/\/sprintnationals.canoekayak.ca\/?s={search_term_string}\"},\"query-input\":{\"@type\":\"PropertyValueSpecification\",\"valueRequired\":true,\"valueName\":\"search_term_string\"}}],\"inLanguage\":\"fr-FR\"}]}<\/script>\n<!-- \/ Yoast SEO plugin. -->","yoast_head_json":{"title":"\u00c0 propos des championnats -","robots":{"index":"index","follow":"follow","max-snippet":"max-snippet:-1","max-image-preview":"max-image-preview:large","max-video-preview":"max-video-preview:-1"},"canonical":"https:\/\/sprintnationals.canoekayak.ca\/fr\/a-propos\/","og_locale":"fr_FR","og_type":"article","og_title":"\u00c0 propos des championnats -","og_description":"\u00c0 Propos Les Championnats nationaux de vitesse de Canoe Kayak Canada constituent la premi\u00e8re comp\u00e9tition [&hellip;]","og_url":"https:\/\/sprintnationals.canoekayak.ca\/fr\/a-propos\/","article_modified_time":"2026-03-06T21:09:58+00:00","og_image":[{"width":1200,"height":800,"url":"https:\/\/sprintnationals.canoekayak.ca\/wp-content\/uploads\/2026\/03\/2025_6kStart.jpg","type":"image\/jpeg"}],"twitter_card":"summary_large_image","twitter_misc":{"Dur\u00e9e de lecture estim\u00e9e":"3 minutes"},"schema":{"@context":"https:\/\/schema.org","@graph":[{"@type":"WebPage","@id":"https:\/\/sprintnationals.canoekayak.ca\/fr\/a-propos\/","url":"https:\/\/sprintnationals.canoekayak.ca\/fr\/a-propos\/","name":"\u00c0 propos des championnats -","isPartOf":{"@id":"https:\/\/sprintnationals.canoekayak.ca\/#website"},"primaryImageOfPage":{"@id":"https:\/\/sprintnationals.canoekayak.ca\/fr\/a-propos\/#primaryimage"},"image":{"@id":"https:\/\/sprintnationals.canoekayak.ca\/fr\/a-propos\/#primaryimage"},"thumbnailUrl":"https:\/\/sprintnationals.canoekayak.ca\/wp-content\/uploads\/2026\/03\/2025_6kStart-1024x683.jpg","datePublished":"2024-04-30T21:06:11+00:00","dateModified":"2026-03-06T21:09:58+00:00","breadcrumb":{"@id":"https:\/\/sprintnationals.canoekayak.ca\/fr\/a-propos\/#breadcrumb"},"inLanguage":"fr-FR","potentialAction":[{"@type":"ReadAction","target":["https:\/\/sprintnationals.canoekayak.ca\/fr\/a-propos\/"]}]},{"@type":"ImageObject","inLanguage":"fr-FR","@id":"https:\/\/sprintnationals.canoekayak.ca\/fr\/a-propos\/#primaryimage","url":"https:\/\/sprintnationals.canoekayak.ca\/wp-content\/uploads\/2026\/03\/2025_6kStart-1024x683.jpg","contentUrl":"https:\/\/sprintnationals.canoekayak.ca\/wp-content\/uploads\/2026\/03\/2025_6kStart-1024x683.jpg"},{"@type":"BreadcrumbList","@id":"https:\/\/sprintnationals.canoekayak.ca\/fr\/a-propos\/#breadcrumb","itemListElement":[{"@type":"ListItem","position":1,"name":"Home","item":"https:\/\/sprintnationals.canoekayak.ca\/"},{"@type":"ListItem","position":2,"name":"\u00c0 propos des championnats"}]},{"@type":"WebSite","@id":"https:\/\/sprintnationals.canoekayak.ca\/#website","url":"https:\/\/sprintnationals.canoekayak.ca\/","name":"","description":"","potentialAction":[{"@type":"SearchAction","target":{"@type":"EntryPoint","urlTemplate":"https:\/\/sprintnationals.canoekayak.ca\/?s={search_term_string}"},"query-input":{"@type":"PropertyValueSpecification","valueRequired":true,"valueName":"search_term_string"}}],"inLanguage":"fr-FR"}]}},"_links":{"self":[{"href":"https:\/\/sprintnationals.canoekayak.ca\/fr\/wp-json\/wp\/v2\/pages\/3529","targetHints":{"allow":["GET"]}}],"collection":[{"href":"https:\/\/sprintnationals.canoekayak.ca\/fr\/wp-json\/wp\/v2\/pages"}],"about":[{"href":"https:\/\/sprintnationals.canoekayak.ca\/fr\/wp-json\/wp\/v2\/types\/page"}],"author":[{"embeddable":true,"href":"https:\/\/sprintnationals.canoekayak.ca\/fr\/wp-json\/wp\/v2\/users\/1"}],"replies":[{"embeddable":true,"href":"https:\/\/sprintnationals.canoekayak.ca\/fr\/wp-json\/wp\/v2\/comments?post=3529"}],"version-history":[{"count":0,"href":"https:\/\/sprintnationals.canoekayak.ca\/fr\/wp-json\/wp\/v2\/pages\/3529\/revisions"}],"wp:attachment":[{"href":"https:\/\/sprintnationals.canoekayak.ca\/fr\/wp-json\/wp\/v2\/media?parent=3529"}],"curies":[{"name":"wp","href":"https:\/\/api.w.org\/{rel}","templated":true}]}}