{"id":3527,"date":"2024-04-30T17:05:21","date_gmt":"2024-04-30T21:05:21","guid":{"rendered":"https:\/\/sprintnationals.canoekayak.ca\/?page_id=3527"},"modified":"2026-03-06T16:29:32","modified_gmt":"2026-03-06T21:29:32","slug":"canmas","status":"publish","type":"page","link":"https:\/\/sprintnationals.canoekayak.ca\/fr\/canmas\/","title":{"rendered":"CanMas"},"content":{"rendered":"\n<h2 class=\"wp-block-heading has-slider-title-font-size\">CanMas<\/h2>\n\n\n\n<p class=\"has-foreground-color has-text-color has-link-color has-normal-font-size wp-elements-cbaf0430f88693134adc58fd8386b772\"><strong>Le CanMas<\/strong>&nbsp;est la partie des courses ma\u00eetres des&nbsp;<strong>Championnats nationaux de cano\u00eb-kayak de vitesse du Canada<\/strong>, qui se tiennent chaque ann\u00e9e \u00e0 la fin des championnats nationaux. Il rassemble des athl\u00e8tes ma\u00eetres- \u00e2g\u00e9s de 25 ans et plus &#8211; de tout le pays pour une grande journ\u00e9e de course et une fin de semaine de plaisir<\/p>\n\n\n\n<p class=\"has-foreground-color has-text-color has-link-color has-normal-font-size wp-elements-e085e9231e934ff2c8ffbe32928d9374\">Ouvert aux pagayeurs de tous niveaux, CanMas c\u00e9l\u00e8bre la participation \u00e0 vie au cano\u00eb-kayak. Que vous soyez un ancien athl\u00e8te de haut niveau, un entra\u00eeneur de club ou une personne qui a d\u00e9couvert le cano\u00eb-kayak plus tard dans sa vie, CanMas offre une atmosph\u00e8re amusante, inclusive et comp\u00e9titive.<\/p>\n\n\n\n<p class=\"has-foreground-color has-text-color has-link-color has-normal-font-size wp-elements-c04152ec41f70d2e7f0602be83b0d274\">Les athl\u00e8tes s&rsquo;affrontent dans des cat\u00e9gories d&rsquo;\u00e2ge sur diff\u00e9rentes distances de vitesse, avec des courses en cano\u00eb et en kayak. Mais au-del\u00e0 de la course, CanMas permet de renouer avec des amis, d&rsquo;encourager son club et de faire partie de la grande communaut\u00e9 canadienne des pagayeurs.<\/p>\n\n\n\n<p class=\"has-foreground-color has-text-color has-link-color has-normal-font-size wp-elements-73914db3b16ecc76084008735d7ccc8d\">CanMas cl\u00f4t la semaine des championnats nationaux avec une \u00e9nergie d\u00e9bordante et un esprit sportif et une camaraderie qui en font un moment fort de la saison.<\/p>\n\n\n\n<p class=\"has-foreground-color has-text-color has-link-color has-normal-font-size wp-elements-3b8835031a17214c240bc117d8ff9b8c\">Pr\u00e9voyez de venir \u00e0 Ottawa cette ann\u00e9e pour vivre une exp\u00e9rience de comp\u00e9tition m\u00e9morable.<\/p>\n\n\n\n<div style=\"height:40px\" aria-hidden=\"true\" class=\"wp-block-spacer\"><\/div>\n\n\n\n<figure class=\"wp-block-image size-large\"><img loading=\"lazy\" decoding=\"async\" width=\"1024\" height=\"363\" src=\"https:\/\/sprintnationals.canoekayak.ca\/wp-content\/uploads\/2026\/03\/MastersK4-1024x363.jpg\" alt=\"\" class=\"wp-image-4344\" srcset=\"https:\/\/sprintnationals.canoekayak.ca\/wp-content\/uploads\/2026\/03\/MastersK4-1024x363.jpg 1024w, https:\/\/sprintnationals.canoekayak.ca\/wp-content\/uploads\/2026\/03\/MastersK4-300x106.jpg 300w, https:\/\/sprintnationals.canoekayak.ca\/wp-content\/uploads\/2026\/03\/MastersK4-768x272.jpg 768w, https:\/\/sprintnationals.canoekayak.ca\/wp-content\/uploads\/2026\/03\/MastersK4-1536x544.jpg 1536w, https:\/\/sprintnationals.canoekayak.ca\/wp-content\/uploads\/2026\/03\/MastersK4.jpg 2048w\" sizes=\"auto, (max-width: 1024px) 100vw, 1024px\" \/><\/figure>\n\n\n\n<div style=\"height:40px\" aria-hidden=\"true\" class=\"wp-block-spacer\"><\/div>\n\n\n\n<h3 class=\"wp-block-heading\">\u00c9v\u00e9nements<\/h3>\n\n\n\n<h4 class=\"wp-block-heading\">Rencontre CanMas<br>29 ao\u00fbt 2026 (Samedi apr\u00e8s-midi, 16h-18h)<br>\u00c0 confirmer<\/h4>\n\n\n\n<p class=\"has-foreground-color has-text-color has-link-color has-normal-font-size wp-elements-ed73839a143a86d811804de78ef17cd0\">Joignez-vous \u00e0 nous pour un \u00e9v\u00e9nement de r\u00e9seautage d\u00e9contract\u00e9 pour tous les participants et alumni de CanMas. Regardez les courses finales des Championnats de vitesse tout en profitant de rafra\u00eechissements. Cet \u00e9v\u00e9nement familial est l&rsquo;occasion id\u00e9ale de se connecter avec la communaut\u00e9 de pagayeurs ma\u00eetres avant les Championnats CanMas le 30 ao\u00fbt.<\/p>\n\n\n\n<p class=\"has-normal-font-size\">L&rsquo;\u00e9v\u00e9nement CanMas Meet &amp; Greet est gratuit et ouvert \u00e0 tous.<\/p>\n\n\n\n<p class=\"has-normal-font-size\">Les billets pour CanMas Meet &amp; Greet seront disponibles en juin 2026.<\/p>\n\n\n\n<h4 class=\"wp-block-heading\">D\u00eener des CanMas<br>30 ao\u00fbt 2026 (Suivant la comp\u00e9tition CanMas)<br>Lieu \u00e0 confirmer<\/h4>\n\n\n\n<p class=\"has-foreground-color has-text-color has-link-color has-normal-font-size wp-elements-eb2ed007914481a2a892e81416a63a74\">C\u00e9l\u00e9brez la conclusion des Championnats CanMas avec un d\u00eener assis. Ouvert aux athl\u00e8tes, entra\u00eeneurs, officiels et invit\u00e9s.<\/p>\n\n\n\n<p class=\"has-normal-font-size\">Le lieu de l&rsquo;\u00e9v\u00e9nement sera annonc\u00e9 au printemps.<\/p>\n\n\n\n<p class=\"has-normal-font-size\">Les billets pour le d\u00eener des CanMas seront disponibles \u00e0 partir de juin 2026.<\/p>\n\n\n\n<div style=\"height:40px\" aria-hidden=\"true\" class=\"wp-block-spacer\"><\/div>\n\n\n\n<figure class=\"wp-block-image size-full\"><img loading=\"lazy\" decoding=\"async\" width=\"1024\" height=\"683\" src=\"https:\/\/sprintnationals.canoekayak.ca\/wp-content\/uploads\/2026\/03\/Masters-C2.jpg\" alt=\"\" class=\"wp-image-4342\" srcset=\"https:\/\/sprintnationals.canoekayak.ca\/wp-content\/uploads\/2026\/03\/Masters-C2.jpg 1024w, https:\/\/sprintnationals.canoekayak.ca\/wp-content\/uploads\/2026\/03\/Masters-C2-300x200.jpg 300w, https:\/\/sprintnationals.canoekayak.ca\/wp-content\/uploads\/2026\/03\/Masters-C2-768x512.jpg 768w\" sizes=\"auto, (max-width: 1024px) 100vw, 1024px\" \/><\/figure>\n\n\n\n<div style=\"height:40px\" aria-hidden=\"true\" class=\"wp-block-spacer\"><\/div>\n","protected":false},"excerpt":{"rendered":"<p>CanMas Le CanMas&nbsp;est la partie des courses ma\u00eetres des&nbsp;Championnats nationaux de cano\u00eb-kayak de vitesse du [&hellip;]<\/p>\n","protected":false},"author":1,"featured_media":0,"parent":0,"menu_order":0,"comment_status":"closed","ping_status":"closed","template":"","meta":{"footnotes":""},"class_list":["post-3527","page","type-page","status-publish","hentry"],"yoast_head":"<!-- This site is optimized with the Yoast SEO plugin v26.3 - https:\/\/yoast.com\/wordpress\/plugins\/seo\/ -->\n<title>CanMas -<\/title>\n<meta name=\"robots\" content=\"index, follow, max-snippet:-1, max-image-preview:large, max-video-preview:-1\" \/>\n<link rel=\"canonical\" href=\"https:\/\/sprintnationals.canoekayak.ca\/fr\/canmas\/\" \/>\n<meta property=\"og:locale\" content=\"fr_FR\" \/>\n<meta property=\"og:type\" content=\"article\" \/>\n<meta property=\"og:title\" content=\"CanMas -\" \/>\n<meta property=\"og:description\" content=\"CanMas Le CanMas&nbsp;est la partie des courses ma\u00eetres des&nbsp;Championnats nationaux de cano\u00eb-kayak de vitesse du [&hellip;]\" \/>\n<meta property=\"og:url\" content=\"https:\/\/sprintnationals.canoekayak.ca\/fr\/canmas\/\" \/>\n<meta property=\"article:modified_time\" content=\"2026-03-06T21:29:32+00:00\" \/>\n<meta property=\"og:image\" content=\"https:\/\/sprintnationals.canoekayak.ca\/wp-content\/uploads\/2026\/03\/MastersK4.jpg\" \/>\n\t<meta property=\"og:image:width\" content=\"2048\" \/>\n\t<meta property=\"og:image:height\" content=\"725\" \/>\n\t<meta property=\"og:image:type\" content=\"image\/jpeg\" \/>\n<meta name=\"twitter:card\" content=\"summary_large_image\" \/>\n<meta name=\"twitter:label1\" content=\"Dur\u00e9e de lecture estim\u00e9e\" \/>\n\t<meta name=\"twitter:data1\" content=\"2 minutes\" \/>\n<script type=\"application\/ld+json\" class=\"yoast-schema-graph\">{\"@context\":\"https:\/\/schema.org\",\"@graph\":[{\"@type\":\"WebPage\",\"@id\":\"https:\/\/sprintnationals.canoekayak.ca\/fr\/canmas\/\",\"url\":\"https:\/\/sprintnationals.canoekayak.ca\/fr\/canmas\/\",\"name\":\"CanMas -\",\"isPartOf\":{\"@id\":\"https:\/\/sprintnationals.canoekayak.ca\/#website\"},\"primaryImageOfPage\":{\"@id\":\"https:\/\/sprintnationals.canoekayak.ca\/fr\/canmas\/#primaryimage\"},\"image\":{\"@id\":\"https:\/\/sprintnationals.canoekayak.ca\/fr\/canmas\/#primaryimage\"},\"thumbnailUrl\":\"https:\/\/sprintnationals.canoekayak.ca\/wp-content\/uploads\/2026\/03\/MastersK4-1024x363.jpg\",\"datePublished\":\"2024-04-30T21:05:21+00:00\",\"dateModified\":\"2026-03-06T21:29:32+00:00\",\"breadcrumb\":{\"@id\":\"https:\/\/sprintnationals.canoekayak.ca\/fr\/canmas\/#breadcrumb\"},\"inLanguage\":\"fr-FR\",\"potentialAction\":[{\"@type\":\"ReadAction\",\"target\":[\"https:\/\/sprintnationals.canoekayak.ca\/fr\/canmas\/\"]}]},{\"@type\":\"ImageObject\",\"inLanguage\":\"fr-FR\",\"@id\":\"https:\/\/sprintnationals.canoekayak.ca\/fr\/canmas\/#primaryimage\",\"url\":\"https:\/\/sprintnationals.canoekayak.ca\/wp-content\/uploads\/2026\/03\/MastersK4-1024x363.jpg\",\"contentUrl\":\"https:\/\/sprintnationals.canoekayak.ca\/wp-content\/uploads\/2026\/03\/MastersK4-1024x363.jpg\"},{\"@type\":\"BreadcrumbList\",\"@id\":\"https:\/\/sprintnationals.canoekayak.ca\/fr\/canmas\/#breadcrumb\",\"itemListElement\":[{\"@type\":\"ListItem\",\"position\":1,\"name\":\"Home\",\"item\":\"https:\/\/sprintnationals.canoekayak.ca\/\"},{\"@type\":\"ListItem\",\"position\":2,\"name\":\"CanMas\"}]},{\"@type\":\"WebSite\",\"@id\":\"https:\/\/sprintnationals.canoekayak.ca\/#website\",\"url\":\"https:\/\/sprintnationals.canoekayak.ca\/\",\"name\":\"\",\"description\":\"\",\"potentialAction\":[{\"@type\":\"SearchAction\",\"target\":{\"@type\":\"EntryPoint\",\"urlTemplate\":\"https:\/\/sprintnationals.canoekayak.ca\/?s={search_term_string}\"},\"query-input\":{\"@type\":\"PropertyValueSpecification\",\"valueRequired\":true,\"valueName\":\"search_term_string\"}}],\"inLanguage\":\"fr-FR\"}]}<\/script>\n<!-- \/ Yoast SEO plugin. -->","yoast_head_json":{"title":"CanMas -","robots":{"index":"index","follow":"follow","max-snippet":"max-snippet:-1","max-image-preview":"max-image-preview:large","max-video-preview":"max-video-preview:-1"},"canonical":"https:\/\/sprintnationals.canoekayak.ca\/fr\/canmas\/","og_locale":"fr_FR","og_type":"article","og_title":"CanMas -","og_description":"CanMas Le CanMas&nbsp;est la partie des courses ma\u00eetres des&nbsp;Championnats nationaux de cano\u00eb-kayak de vitesse du [&hellip;]","og_url":"https:\/\/sprintnationals.canoekayak.ca\/fr\/canmas\/","article_modified_time":"2026-03-06T21:29:32+00:00","og_image":[{"width":2048,"height":725,"url":"https:\/\/sprintnationals.canoekayak.ca\/wp-content\/uploads\/2026\/03\/MastersK4.jpg","type":"image\/jpeg"}],"twitter_card":"summary_large_image","twitter_misc":{"Dur\u00e9e de lecture estim\u00e9e":"2 minutes"},"schema":{"@context":"https:\/\/schema.org","@graph":[{"@type":"WebPage","@id":"https:\/\/sprintnationals.canoekayak.ca\/fr\/canmas\/","url":"https:\/\/sprintnationals.canoekayak.ca\/fr\/canmas\/","name":"CanMas -","isPartOf":{"@id":"https:\/\/sprintnationals.canoekayak.ca\/#website"},"primaryImageOfPage":{"@id":"https:\/\/sprintnationals.canoekayak.ca\/fr\/canmas\/#primaryimage"},"image":{"@id":"https:\/\/sprintnationals.canoekayak.ca\/fr\/canmas\/#primaryimage"},"thumbnailUrl":"https:\/\/sprintnationals.canoekayak.ca\/wp-content\/uploads\/2026\/03\/MastersK4-1024x363.jpg","datePublished":"2024-04-30T21:05:21+00:00","dateModified":"2026-03-06T21:29:32+00:00","breadcrumb":{"@id":"https:\/\/sprintnationals.canoekayak.ca\/fr\/canmas\/#breadcrumb"},"inLanguage":"fr-FR","potentialAction":[{"@type":"ReadAction","target":["https:\/\/sprintnationals.canoekayak.ca\/fr\/canmas\/"]}]},{"@type":"ImageObject","inLanguage":"fr-FR","@id":"https:\/\/sprintnationals.canoekayak.ca\/fr\/canmas\/#primaryimage","url":"https:\/\/sprintnationals.canoekayak.ca\/wp-content\/uploads\/2026\/03\/MastersK4-1024x363.jpg","contentUrl":"https:\/\/sprintnationals.canoekayak.ca\/wp-content\/uploads\/2026\/03\/MastersK4-1024x363.jpg"},{"@type":"BreadcrumbList","@id":"https:\/\/sprintnationals.canoekayak.ca\/fr\/canmas\/#breadcrumb","itemListElement":[{"@type":"ListItem","position":1,"name":"Home","item":"https:\/\/sprintnationals.canoekayak.ca\/"},{"@type":"ListItem","position":2,"name":"CanMas"}]},{"@type":"WebSite","@id":"https:\/\/sprintnationals.canoekayak.ca\/#website","url":"https:\/\/sprintnationals.canoekayak.ca\/","name":"","description":"","potentialAction":[{"@type":"SearchAction","target":{"@type":"EntryPoint","urlTemplate":"https:\/\/sprintnationals.canoekayak.ca\/?s={search_term_string}"},"query-input":{"@type":"PropertyValueSpecification","valueRequired":true,"valueName":"search_term_string"}}],"inLanguage":"fr-FR"}]}},"_links":{"self":[{"href":"https:\/\/sprintnationals.canoekayak.ca\/fr\/wp-json\/wp\/v2\/pages\/3527","targetHints":{"allow":["GET"]}}],"collection":[{"href":"https:\/\/sprintnationals.canoekayak.ca\/fr\/wp-json\/wp\/v2\/pages"}],"about":[{"href":"https:\/\/sprintnationals.canoekayak.ca\/fr\/wp-json\/wp\/v2\/types\/page"}],"author":[{"embeddable":true,"href":"https:\/\/sprintnationals.canoekayak.ca\/fr\/wp-json\/wp\/v2\/users\/1"}],"replies":[{"embeddable":true,"href":"https:\/\/sprintnationals.canoekayak.ca\/fr\/wp-json\/wp\/v2\/comments?post=3527"}],"version-history":[{"count":0,"href":"https:\/\/sprintnationals.canoekayak.ca\/fr\/wp-json\/wp\/v2\/pages\/3527\/revisions"}],"wp:attachment":[{"href":"https:\/\/sprintnationals.canoekayak.ca\/fr\/wp-json\/wp\/v2\/media?parent=3527"}],"curies":[{"name":"wp","href":"https:\/\/api.w.org\/{rel}","templated":true}]}}