{"id":3526,"date":"2024-04-30T17:03:17","date_gmt":"2024-04-30T21:03:17","guid":{"rendered":"https:\/\/sprintnationals.canoekayak.ca\/?page_id=3526"},"modified":"2026-02-09T13:23:26","modified_gmt":"2026-02-09T18:23:26","slug":"informations-sur-lequipe","status":"publish","type":"page","link":"https:\/\/sprintnationals.canoekayak.ca\/fr\/informations-sur-lequipe\/","title":{"rendered":"Informations sur l&rsquo;\u00e9quipe &#8211; 2026"},"content":{"rendered":"\n<div style=\"height:25px\" aria-hidden=\"true\" class=\"wp-block-spacer\"><\/div>\n\n\n\n<h2 class=\"wp-block-heading\"><strong>Parking pour les membres du club et les spectateurs<\/strong><\/h2>\n\n\n\n<p>Un parking pour les v\u00e9hicules du club et les spectateurs venant de l&rsquo;ext\u00e9rieur de la ville est disponible sur Lakeshore Drive, \u00e0 c\u00f4t\u00e9 du site, du 26 au 31 ao\u00fbt. Des pass journaliers et hebdomadaires sont disponibles \u00e0 l&rsquo;achat. Nous vous recommandons d&rsquo;acheter vos pass \u00e0 l&rsquo;avance, car les places sont limit\u00e9es.<\/p>\n\n\n\n<p>L&rsquo;acc\u00e8s au parking \u00e0 sens unique sur Lakeshore Drive se fera depuis Broad Street.<\/p>\n\n\n\n<div class=\"wp-block-buttons is-layout-flex wp-block-buttons-is-layout-flex\">\n<div class=\"wp-block-button\"><a class=\"wp-block-button__link wp-element-button\" href=\"https:\/\/www.eventbrite.ca\/e\/ckc-2025-sprint-nationalscanmas-parking-tickets-1487204180739?utm-campaign=social&amp;utm-content=attendeeshare&amp;utm-medium=discovery&amp;utm-term=listing&amp;utm-source=cp&amp;aff=ebdsshcopyurl\" target=\"_blank\" rel=\"noreferrer noopener\">Achetez votre stationnement ici<\/a><\/div>\n<\/div>\n\n\n\n<p>Vous trouverez \u00e9galement un parking gratuit sans limitation de dur\u00e9e sur la rive nord, pr\u00e8s de la marina et du restaurant Bar Willow, ainsi qu&rsquo;au Wascana Centre.<\/p>\n\n\n\n<hr class=\"wp-block-separator has-alpha-channel-opacity is-style-wide\"\/>\n\n\n\n<h2 class=\"wp-block-heading\">Stationnement pour remorques du club @YQR<\/h2>\n\n\n\n<p>Gr\u00e2ce \u00e0 l&rsquo;a\u00e9roport international YQR, les clubs peuvent stationner gratuitement leurs remorques \u00e0 YQR du 23 au 31 ao\u00fbt. Vous trouverez toutes les instructions et un plan sur le lien suivant. Merci \u00e0 l&rsquo;a\u00e9roport international de Regina pour son g\u00e9n\u00e9reux soutien aux championnats nationaux !<\/p>\n\n\n\n<div class=\"wp-block-buttons is-layout-flex wp-block-buttons-is-layout-flex\">\n<div class=\"wp-block-button\"><a class=\"wp-block-button__link wp-element-button\" href=\"https:\/\/www.yqr.ca\/fr\/stationnement\/2025-championnats-nationaux-vitesse-ckc\" target=\"_blank\" rel=\"noreferrer noopener\">Lien vers les informations compl\u00e8tes sur le stationnement des remorques<\/a><\/div>\n<\/div>\n\n\n\n<hr class=\"wp-block-separator has-alpha-channel-opacity is-style-wide\"\/>\n\n\n\n<h2 class=\"wp-block-heading\">Plan du site<\/h2>\n\n\n\n<p>Plan du siteVoici le plan du site des Championnats nationaux 2025. Le site est situ\u00e9 \u00e0 l&rsquo;angle de Broad Street\/Wascana Parkway et de Lakeshore Drive. Nous nous excusons que ce plan ne soit disponible qu&rsquo;en anglais.<\/p>\n\n\n\n<figure class=\"wp-block-image size-large\"><a href=\"https:\/\/sprintnationals.canoekayak.ca\/wp-content\/uploads\/2025\/08\/Screenshot-2025-08-25-at-11.21.10-AM.png\"><img loading=\"lazy\" decoding=\"async\" width=\"1024\" height=\"497\" src=\"https:\/\/sprintnationals.canoekayak.ca\/wp-content\/uploads\/2025\/08\/Screenshot-2025-08-25-at-11.21.10-AM-1024x497.png\" alt=\"\" class=\"wp-image-4101\" srcset=\"https:\/\/sprintnationals.canoekayak.ca\/wp-content\/uploads\/2025\/08\/Screenshot-2025-08-25-at-11.21.10-AM-1024x497.png 1024w, https:\/\/sprintnationals.canoekayak.ca\/wp-content\/uploads\/2025\/08\/Screenshot-2025-08-25-at-11.21.10-AM-300x146.png 300w, https:\/\/sprintnationals.canoekayak.ca\/wp-content\/uploads\/2025\/08\/Screenshot-2025-08-25-at-11.21.10-AM-768x373.png 768w, https:\/\/sprintnationals.canoekayak.ca\/wp-content\/uploads\/2025\/08\/Screenshot-2025-08-25-at-11.21.10-AM-1536x746.png 1536w, https:\/\/sprintnationals.canoekayak.ca\/wp-content\/uploads\/2025\/08\/Screenshot-2025-08-25-at-11.21.10-AM-2048x994.png 2048w\" sizes=\"auto, (max-width: 1024px) 100vw, 1024px\" \/><\/a><\/figure>\n\n\n\n<hr class=\"wp-block-separator has-alpha-channel-opacity is-style-wide\"\/>\n\n\n\n<h2 class=\"wp-block-heading\">H\u00e9bergement chez l&rsquo;habitant<\/h2>\n\n\n\n<p>Le comit\u00e9 organisateur h\u00f4te propose plusieurs options d&rsquo;h\u00e9bergement pour les \u00e9quipes et les spectateurs. Nous avons s\u00e9lectionn\u00e9 nos h\u00e9bergements pr\u00e9f\u00e9r\u00e9s dans trois quartiers de la ville (sud, sud-est et centre-ville), tous facilement accessibles depuis le lac Wascana et pr\u00e9sentant chacun leurs propres avantages.<\/p>\n\n\n\n<p>Cliquez n&rsquo;importe o\u00f9 dans le tableau ci-dessous pour t\u00e9l\u00e9charger un PDF de la&nbsp;<em><strong>liste des h\u00e9bergements<\/strong><\/em>, avec des liens directs vers chaque h\u00f4tel.<\/p>\n\n\n\n<figure class=\"wp-block-image size-large\"><a href=\"https:\/\/sprintnationals.canoekayak.ca\/wp-content\/uploads\/2025\/06\/Hotel-List-FR.2025.06.08.pdf\" target=\"_blank\" rel=\" noreferrer noopener\"><img loading=\"lazy\" decoding=\"async\" width=\"768\" height=\"1024\" src=\"https:\/\/sprintnationals.canoekayak.ca\/wp-content\/uploads\/2025\/06\/Hotel-List-FR.2025.06.08-768x1024.png\" alt=\"\" class=\"wp-image-3981\" srcset=\"https:\/\/sprintnationals.canoekayak.ca\/wp-content\/uploads\/2025\/06\/Hotel-List-FR.2025.06.08-768x1024.png 768w, https:\/\/sprintnationals.canoekayak.ca\/wp-content\/uploads\/2025\/06\/Hotel-List-FR.2025.06.08-225x300.png 225w, https:\/\/sprintnationals.canoekayak.ca\/wp-content\/uploads\/2025\/06\/Hotel-List-FR.2025.06.08-1152x1536.png 1152w, https:\/\/sprintnationals.canoekayak.ca\/wp-content\/uploads\/2025\/06\/Hotel-List-FR.2025.06.08.png 1500w\" sizes=\"auto, (max-width: 768px) 100vw, 768px\" \/><\/a><\/figure>\n\n\n\n<div class=\"wp-block-buttons is-layout-flex wp-block-buttons-is-layout-flex\">\n<div class=\"wp-block-button\"><a class=\"wp-block-button__link wp-element-button\" href=\"https:\/\/sprintnationals.canoekayak.ca\/wp-content\/uploads\/2025\/06\/Hotel-List-FR.2025.06.08.pdf\" target=\"_blank\" rel=\"noreferrer noopener\">T\u00e9l\u00e9charger notre liste de logements d&rsquo;accueil<\/a><\/div>\n<\/div>\n\n\n\n<hr class=\"wp-block-separator has-alpha-channel-opacity is-style-wide\"\/>\n\n\n\n<h2 class=\"wp-block-heading\">Voyage<\/h2>\n\n\n\n<h3 class=\"wp-block-heading\">Vous arrivez en avion ?<\/h3>\n\n\n\n<p>Il est facile et sans stress d&rsquo;arriver \u00e0 Regina en avion. Gr\u00e2ce \u00e0 sa configuration compacte et \u00e0 son service efficace, l&rsquo;a\u00e9roport international de Regina vous garantit une arriv\u00e9e et un d\u00e9part en toute tranquillit\u00e9. L&rsquo;a\u00e9roport est situ\u00e9 \u00e0 seulement 15 minutes du lac Wascana et de la plupart des h\u00f4tels que nous recommandons.<\/p>\n\n\n\n<h3 class=\"wp-block-heading\">Vous arrivez en voiture ?<\/h3>\n\n\n\n<p>Regina est situ\u00e9e sur la Transcanadienne, au c\u0153ur des Prairies canadiennes, ce qui la rend facilement accessible en voiture depuis plusieurs grandes villes et offre un trajet pittoresque. Elle se trouve \u00e0 environ 5 heures de Winnipeg, 8 heures de Calgary et seulement 2,5 heures de Saskatoon.<\/p>\n\n\n\n<p>Profitez du ciel immense et des paysages paisibles des prairies pendant votre trajet. C&rsquo;est un excellent moyen de se mettre dans l&rsquo;ambiance de l&rsquo;\u00e9v\u00e9nement, que vous voyagiez en \u00e9quipe ou en famille. Vous trouverez de nombreuses aires de repos et des tr\u00e9sors locaux \u00e0 d\u00e9couvrir en cours de route.<\/p>\n\n\n\n<h3 class=\"wp-block-heading\">Se d\u00e9placer \u00e0 Regina<\/h3>\n\n\n\n<h5 class=\"wp-block-heading\">Transports<\/h5>\n\n\n\n<p>Regina Transit est un moyen fiable et \u00e9conomique de se d\u00e9placer dans la ville. Les lignes desservent directement le Wascana Centre, avec des bus circulant environ toutes les 30 minutes en semaine et le samedi. Le service est plus limit\u00e9 le dimanche et en soir\u00e9e.<\/p>\n\n\n\n<p>\ud83d\ude8c&nbsp;<strong>Conseils utiles&nbsp;<\/strong><\/p>\n\n\n\n<ul class=\"wp-block-list\">\n<li>Arr\u00eat principal pr\u00e8s du lieu de l&rsquo;\u00e9v\u00e9nement :<\/li>\n\n\n\n<li>Utilisez&nbsp;<strong>Google Maps (option \u00ab Transit \u00bb)<\/strong>&nbsp;pour planifier votre itin\u00e9raire<\/li>\n\n\n\n<li>T\u00e9l\u00e9chargez l&rsquo;<a href=\"https:\/\/www.regina.ca\/transportation-roads-parking\/transit\/coming-soon-new-transit-fare-system\/\"><strong>application Umo Transit<\/strong><\/a>&nbsp;pour acheter vos titres de transport<\/li>\n\n\n\n<li>Utilisez&nbsp;<a href=\"https:\/\/transitlive.com\/mobile\/\"><strong>TransitLive<\/strong><\/a>&nbsp;pour suivre les bus en temps r\u00e9el et consulter les horaires<\/li>\n\n\n\n<li>Consultez le&nbsp;<a href=\"https:\/\/www.regina.ca\/transportation-roads-parking\/transit\/index.html\">site web des transports en commun de la ville de Regina<\/a>&nbsp;pour plus d&rsquo;informations<\/li>\n<\/ul>\n\n\n\n<h4 class=\"wp-block-heading\">Trottinettes \u00e9lectriques en libre-service<\/h4>\n\n\n\n<p>Regina compte deux soci\u00e9t\u00e9s de trottinettes \u00e9lectriques en libre-service qui desservent toute la ville, id\u00e9ales pour se rendre rapidement et en toute flexibilit\u00e9 au lieu de l&rsquo;\u00e9v\u00e9nement. Consultez le&nbsp;<a href=\"https:\/\/www.regina.ca\/transportation-roads-parking\/walking-cycling\/e-scooters\/\">site web de la ville de Regina<\/a>&nbsp;pour plus de d\u00e9tails et pour t\u00e9l\u00e9charger l&rsquo;application de chaque soci\u00e9t\u00e9.<\/p>\n\n\n\n<h4 class=\"wp-block-heading\">V\u00e9lo<\/h4>\n\n\n\n<p>Le v\u00e9lo est un excellent moyen de d\u00e9couvrir Regina. Les v\u00e9los sont autoris\u00e9s sur la plupart des pistes cyclables de la ville, y compris celles du centre Wascana et des environs. Si certains quartiers n\u00e9cessitent de rouler sur la route sur de courtes distances pour acc\u00e9der au parc, une bonne planification de votre itin\u00e9raire vous permettra de rester principalement sur les pistes cyclables.<\/p>\n\n\n\n<hr class=\"wp-block-separator has-alpha-channel-opacity is-style-wide\"\/>\n\n\n\n<h2 class=\"wp-block-heading\">\ud83c\udfc6 Informations sur le retour des troph\u00e9es<\/h2>\n\n\n\n<p>Le retour des troph\u00e9es se fera le lundi 25 ao\u00fbt de 13h \u00e0 17h. Tous les troph\u00e9es doivent \u00eatre retourn\u00e9s \u00e0 cette date afin d&rsquo;\u00eatre pr\u00e9par\u00e9s pour les \u00e9v\u00e9nements de cette ann\u00e9e. Le lieu de retour sera l&rsquo;aire de remise des prix situ\u00e9e sur la rive sud, juste \u00e0 l&rsquo;est du pont menant \u00e0 \u00cele des pins..<\/p>\n\n\n\n<p>Les troph\u00e9es doivent \u00eatre intacts (r\u00e9par\u00e9s \u00e0 l&rsquo;avance s&rsquo;ils sont endommag\u00e9s), nettoy\u00e9s et grav\u00e9s avec le nom du vainqueur de 2024. Tout dommage ou plaque manquante doit \u00eatre not\u00e9 dans le retour du troph\u00e9e et le co\u00fbt doit \u00eatre factur\u00e9 au r\u00e9cipiendaire ou au club.<\/p>\n\n\n\n<hr class=\"wp-block-separator has-alpha-channel-opacity is-style-wide\"\/>\n\n\n\n<h2 class=\"wp-block-heading\"><strong>R\u00e9unions et \u00e9v\u00e9nements<\/strong><\/h2>\n\n\n\n<figure class=\"wp-block-table\"><table class=\"has-fixed-layout\"><tbody><tr><td>Ev\u00e9nement \/ R\u00e9union<\/td><td>Date<\/td><td>L&rsquo;heure<\/td><td>Lieu<\/td><td>Billets<\/td><\/tr><tr><td>R\u00e9union nationale des entra\u00eeneurs<\/td><td><\/td><td><\/td><td><\/td><td><\/td><\/tr><tr><td>Retour des troph\u00e9es<\/td><td>Lundi 25 ao\u00fbt<\/td><td>13h00 \u00e0 17h00<\/td><td>Tente de remise des prix<\/td><td><\/td><\/tr><tr><td>Classification para<\/td><td><\/td><td><\/td><td><\/td><td><\/td><\/tr><tr><td>Salut du Commodore<\/td><td><\/td><td><\/td><td>\u00cele des pins<\/td><td><\/td><\/tr><tr><td>Rencontre de CanMas et C\u00e9l\u00e9bration des anciens \u00e9l\u00e8ves<\/td><td>30 ao\u00fbt 2025<\/td><td>16h00 \u00e0 18h00<\/td><td>Jardin des bi\u00e8res<br>C\u00f4t\u00e9 sud du lac Wascana pr\u00e8s de la ligne d&rsquo;arriv\u00e9e<\/td><td>https:\/\/www.canadahelps.org\/fr\/organismesdebienfaisance\/canoe-kayak-canada\/events\/canmas-meet-greet-and-alumni-silent-auction\/<\/td><\/tr><tr><td><a href=\"https:\/\/sprintnationals.canoekayak.ca\/fr\/canmas\/\" target=\"_blank\" rel=\"noreferrer noopener\">Banquet de CanMas<\/a><\/td><td>31 ao\u00fbt 2025<\/td><td>Ouverture des portes \u00e0 19 heures<\/td><td><a href=\"https:\/\/www.canadahelps.org\/en\/charities\/canoe-kayak-canada\/events\/canmas-dinner\/\">Bar Willow Eatery<\/a><br>3000 Wascana Drive<\/td><td>https:\/\/www.canadahelps.org\/fr\/organismesdebienfaisance\/canoe-kayak-canada\/events\/canmas-dinner\/<\/td><\/tr><\/tbody><\/table><\/figure>\n","protected":false},"excerpt":{"rendered":"<p>Parking pour les membres du club et les spectateurs Un parking pour les v\u00e9hicules du [&hellip;]<\/p>\n","protected":false},"author":1,"featured_media":0,"parent":0,"menu_order":0,"comment_status":"closed","ping_status":"closed","template":"","meta":{"footnotes":""},"class_list":["post-3526","page","type-page","status-publish","hentry"],"yoast_head":"<!-- This site is optimized with the Yoast SEO plugin v27.4 - https:\/\/yoast.com\/product\/yoast-seo-wordpress\/ -->\n<title>Informations sur l&#039;\u00e9quipe - 2026 -<\/title>\n<meta name=\"robots\" content=\"index, follow, max-snippet:-1, max-image-preview:large, max-video-preview:-1\" \/>\n<link rel=\"canonical\" href=\"https:\/\/sprintnationals.canoekayak.ca\/fr\/informations-sur-lequipe\/\" \/>\n<meta property=\"og:locale\" content=\"fr_FR\" \/>\n<meta property=\"og:type\" content=\"article\" \/>\n<meta property=\"og:title\" content=\"Informations sur l&#039;\u00e9quipe - 2026 -\" \/>\n<meta property=\"og:description\" content=\"Parking pour les membres du club et les spectateurs Un parking pour les v\u00e9hicules du [&hellip;]\" \/>\n<meta property=\"og:url\" content=\"https:\/\/sprintnationals.canoekayak.ca\/fr\/informations-sur-lequipe\/\" \/>\n<meta property=\"article:modified_time\" content=\"2026-02-09T18:23:26+00:00\" \/>\n<meta property=\"og:image\" content=\"https:\/\/sprintnationals.canoekayak.ca\/wp-content\/uploads\/2025\/08\/Screenshot-2025-08-25-at-11.21.10-AM-1024x497.png\" \/>\n\t<meta property=\"og:image:width\" content=\"1024\" \/>\n\t<meta property=\"og:image:height\" content=\"497\" \/>\n\t<meta property=\"og:image:type\" content=\"image\/png\" \/>\n<meta name=\"twitter:card\" content=\"summary_large_image\" \/>\n<meta name=\"twitter:label1\" content=\"Dur\u00e9e de lecture estim\u00e9e\" \/>\n\t<meta name=\"twitter:data1\" content=\"5 minutes\" \/>\n<script type=\"application\/ld+json\" class=\"yoast-schema-graph\">{\"@context\":\"https:\\\/\\\/schema.org\",\"@graph\":[{\"@type\":\"WebPage\",\"@id\":\"https:\\\/\\\/sprintnationals.canoekayak.ca\\\/fr\\\/informations-sur-lequipe\\\/\",\"url\":\"https:\\\/\\\/sprintnationals.canoekayak.ca\\\/fr\\\/informations-sur-lequipe\\\/\",\"name\":\"Informations sur l'\u00e9quipe - 2026 -\",\"isPartOf\":{\"@id\":\"https:\\\/\\\/sprintnationals.canoekayak.ca\\\/#website\"},\"primaryImageOfPage\":{\"@id\":\"https:\\\/\\\/sprintnationals.canoekayak.ca\\\/fr\\\/informations-sur-lequipe\\\/#primaryimage\"},\"image\":{\"@id\":\"https:\\\/\\\/sprintnationals.canoekayak.ca\\\/fr\\\/informations-sur-lequipe\\\/#primaryimage\"},\"thumbnailUrl\":\"https:\\\/\\\/sprintnationals.canoekayak.ca\\\/wp-content\\\/uploads\\\/2025\\\/08\\\/Screenshot-2025-08-25-at-11.21.10-AM-1024x497.png\",\"datePublished\":\"2024-04-30T21:03:17+00:00\",\"dateModified\":\"2026-02-09T18:23:26+00:00\",\"breadcrumb\":{\"@id\":\"https:\\\/\\\/sprintnationals.canoekayak.ca\\\/fr\\\/informations-sur-lequipe\\\/#breadcrumb\"},\"inLanguage\":\"fr-FR\",\"potentialAction\":[{\"@type\":\"ReadAction\",\"target\":[\"https:\\\/\\\/sprintnationals.canoekayak.ca\\\/fr\\\/informations-sur-lequipe\\\/\"]}]},{\"@type\":\"ImageObject\",\"inLanguage\":\"fr-FR\",\"@id\":\"https:\\\/\\\/sprintnationals.canoekayak.ca\\\/fr\\\/informations-sur-lequipe\\\/#primaryimage\",\"url\":\"https:\\\/\\\/sprintnationals.canoekayak.ca\\\/wp-content\\\/uploads\\\/2025\\\/08\\\/Screenshot-2025-08-25-at-11.21.10-AM-1024x497.png\",\"contentUrl\":\"https:\\\/\\\/sprintnationals.canoekayak.ca\\\/wp-content\\\/uploads\\\/2025\\\/08\\\/Screenshot-2025-08-25-at-11.21.10-AM-1024x497.png\"},{\"@type\":\"BreadcrumbList\",\"@id\":\"https:\\\/\\\/sprintnationals.canoekayak.ca\\\/fr\\\/informations-sur-lequipe\\\/#breadcrumb\",\"itemListElement\":[{\"@type\":\"ListItem\",\"position\":1,\"name\":\"Home\",\"item\":\"https:\\\/\\\/sprintnationals.canoekayak.ca\\\/\"},{\"@type\":\"ListItem\",\"position\":2,\"name\":\"Informations sur l&#8217;\u00e9quipe &#8211; 2026\"}]},{\"@type\":\"WebSite\",\"@id\":\"https:\\\/\\\/sprintnationals.canoekayak.ca\\\/#website\",\"url\":\"https:\\\/\\\/sprintnationals.canoekayak.ca\\\/\",\"name\":\"\",\"description\":\"\",\"potentialAction\":[{\"@type\":\"SearchAction\",\"target\":{\"@type\":\"EntryPoint\",\"urlTemplate\":\"https:\\\/\\\/sprintnationals.canoekayak.ca\\\/?s={search_term_string}\"},\"query-input\":{\"@type\":\"PropertyValueSpecification\",\"valueRequired\":true,\"valueName\":\"search_term_string\"}}],\"inLanguage\":\"fr-FR\"}]}<\/script>\n<!-- \/ Yoast SEO plugin. -->","yoast_head_json":{"title":"Informations sur l'\u00e9quipe - 2026 -","robots":{"index":"index","follow":"follow","max-snippet":"max-snippet:-1","max-image-preview":"max-image-preview:large","max-video-preview":"max-video-preview:-1"},"canonical":"https:\/\/sprintnationals.canoekayak.ca\/fr\/informations-sur-lequipe\/","og_locale":"fr_FR","og_type":"article","og_title":"Informations sur l'\u00e9quipe - 2026 -","og_description":"Parking pour les membres du club et les spectateurs Un parking pour les v\u00e9hicules du [&hellip;]","og_url":"https:\/\/sprintnationals.canoekayak.ca\/fr\/informations-sur-lequipe\/","article_modified_time":"2026-02-09T18:23:26+00:00","og_image":[{"width":1024,"height":497,"url":"https:\/\/sprintnationals.canoekayak.ca\/wp-content\/uploads\/2025\/08\/Screenshot-2025-08-25-at-11.21.10-AM-1024x497.png","type":"image\/png"}],"twitter_card":"summary_large_image","twitter_misc":{"Dur\u00e9e de lecture estim\u00e9e":"5 minutes"},"schema":{"@context":"https:\/\/schema.org","@graph":[{"@type":"WebPage","@id":"https:\/\/sprintnationals.canoekayak.ca\/fr\/informations-sur-lequipe\/","url":"https:\/\/sprintnationals.canoekayak.ca\/fr\/informations-sur-lequipe\/","name":"Informations sur l'\u00e9quipe - 2026 -","isPartOf":{"@id":"https:\/\/sprintnationals.canoekayak.ca\/#website"},"primaryImageOfPage":{"@id":"https:\/\/sprintnationals.canoekayak.ca\/fr\/informations-sur-lequipe\/#primaryimage"},"image":{"@id":"https:\/\/sprintnationals.canoekayak.ca\/fr\/informations-sur-lequipe\/#primaryimage"},"thumbnailUrl":"https:\/\/sprintnationals.canoekayak.ca\/wp-content\/uploads\/2025\/08\/Screenshot-2025-08-25-at-11.21.10-AM-1024x497.png","datePublished":"2024-04-30T21:03:17+00:00","dateModified":"2026-02-09T18:23:26+00:00","breadcrumb":{"@id":"https:\/\/sprintnationals.canoekayak.ca\/fr\/informations-sur-lequipe\/#breadcrumb"},"inLanguage":"fr-FR","potentialAction":[{"@type":"ReadAction","target":["https:\/\/sprintnationals.canoekayak.ca\/fr\/informations-sur-lequipe\/"]}]},{"@type":"ImageObject","inLanguage":"fr-FR","@id":"https:\/\/sprintnationals.canoekayak.ca\/fr\/informations-sur-lequipe\/#primaryimage","url":"https:\/\/sprintnationals.canoekayak.ca\/wp-content\/uploads\/2025\/08\/Screenshot-2025-08-25-at-11.21.10-AM-1024x497.png","contentUrl":"https:\/\/sprintnationals.canoekayak.ca\/wp-content\/uploads\/2025\/08\/Screenshot-2025-08-25-at-11.21.10-AM-1024x497.png"},{"@type":"BreadcrumbList","@id":"https:\/\/sprintnationals.canoekayak.ca\/fr\/informations-sur-lequipe\/#breadcrumb","itemListElement":[{"@type":"ListItem","position":1,"name":"Home","item":"https:\/\/sprintnationals.canoekayak.ca\/"},{"@type":"ListItem","position":2,"name":"Informations sur l&#8217;\u00e9quipe &#8211; 2026"}]},{"@type":"WebSite","@id":"https:\/\/sprintnationals.canoekayak.ca\/#website","url":"https:\/\/sprintnationals.canoekayak.ca\/","name":"","description":"","potentialAction":[{"@type":"SearchAction","target":{"@type":"EntryPoint","urlTemplate":"https:\/\/sprintnationals.canoekayak.ca\/?s={search_term_string}"},"query-input":{"@type":"PropertyValueSpecification","valueRequired":true,"valueName":"search_term_string"}}],"inLanguage":"fr-FR"}]}},"_links":{"self":[{"href":"https:\/\/sprintnationals.canoekayak.ca\/fr\/wp-json\/wp\/v2\/pages\/3526","targetHints":{"allow":["GET"]}}],"collection":[{"href":"https:\/\/sprintnationals.canoekayak.ca\/fr\/wp-json\/wp\/v2\/pages"}],"about":[{"href":"https:\/\/sprintnationals.canoekayak.ca\/fr\/wp-json\/wp\/v2\/types\/page"}],"author":[{"embeddable":true,"href":"https:\/\/sprintnationals.canoekayak.ca\/fr\/wp-json\/wp\/v2\/users\/1"}],"replies":[{"embeddable":true,"href":"https:\/\/sprintnationals.canoekayak.ca\/fr\/wp-json\/wp\/v2\/comments?post=3526"}],"version-history":[{"count":0,"href":"https:\/\/sprintnationals.canoekayak.ca\/fr\/wp-json\/wp\/v2\/pages\/3526\/revisions"}],"wp:attachment":[{"href":"https:\/\/sprintnationals.canoekayak.ca\/fr\/wp-json\/wp\/v2\/media?parent=3526"}],"curies":[{"name":"wp","href":"https:\/\/api.w.org\/{rel}","templated":true}]}}